{"id":136,"date":"2022-04-11T23:25:43","date_gmt":"2022-04-11T21:25:43","guid":{"rendered":"https:\/\/www.muehlenurlaub-suedheide.de\/?page_id=136"},"modified":"2022-09-10T11:54:05","modified_gmt":"2022-09-10T09:54:05","slug":"die-maus","status":"publish","type":"page","link":"https:\/\/www.muehlenurlaub-suedheide.de\/index.php\/veranstaltungen\/die-maus\/","title":{"rendered":"Die Maus\u00a0"},"content":{"rendered":"\n<h3 class=\"wp-block-heading\">T\u00fcren auf am 3. Oktober<\/h3>\n\n\n\n<p>Dieses Jahr <a href=\"https:\/\/www.muehlenurlaub-suedheide.de\/index.php\/veranstaltungen\/\" data-type=\"page\" data-id=\"22\">\u00f6ffnet die Ohrdorfer Windm\u00fchle<\/a> zum 4 Mal wieder f\u00fcr kleine und gro\u00dfe Mausfans ihre T\u00fcren:<\/p>\n\n\n\n<figure class=\"wp-block-image size-full\"><a href=\"https:\/\/www.muehlenurlaub-suedheide.de\/wp-content\/uploads\/2022\/04\/cache_140513.JPG@t1468737183.png\"><img loading=\"lazy\" decoding=\"async\" width=\"504\" height=\"211\" src=\"https:\/\/www.muehlenurlaub-suedheide.de\/wp-content\/uploads\/2022\/04\/cache_140513.JPG@t1468737183.png\" alt=\"\" class=\"wp-image-137\" srcset=\"https:\/\/www.muehlenurlaub-suedheide.de\/wp-content\/uploads\/2022\/04\/cache_140513.JPG@t1468737183.png 504w, https:\/\/www.muehlenurlaub-suedheide.de\/wp-content\/uploads\/2022\/04\/cache_140513.JPG@t1468737183-300x126.png 300w\" sizes=\"auto, (max-width: 504px) 100vw, 504px\" \/><\/a><\/figure>\n\n\n\n<p>Windenergie ist ein Thema der Zukunft. In der Ohrdorfer Windm\u00fchle k\u00f6nnen Mausfans \u00fcber Stationen den Weg vom Getreide zum Mehl live verfolgen. Alte und neue Mahlverfahren, Wiegetechniken oder Zahnr\u00e4der k\u00f6nnen Mausfans selbst in der Windm\u00fchle ausprobieren.&nbsp;Mit dem Weizenmahlstuhl aus 1947 kann auch elektrisch Mehl gemahlen werden.<\/p>\n\n\n\n<p>Bei &#8222;gutem Wind&#8220; dreht die Windm\u00fchle aus dem Jahr 1867 am T\u00fcr\u00f6ffner-Tag mit Windkraft.<\/p>\n\n\n\n<p>Im Anschluss kann eine Solarwindm\u00fchle gebaut werden, die mit nach Hause genommen werden kann.<\/p>\n\n\n\n<p>Gl\u00fcck zu!<\/p>\n\n\n\n<p>Altersempfehlung: ab 6 Jahren<\/p>\n\n\n\n<p>Uhrzeit: 10-16 Uhr<\/p>\n","protected":false},"excerpt":{"rendered":"<p>T\u00fcren auf am 3. Oktober Dieses Jahr \u00f6ffnet die Ohrdorfer Windm\u00fchle zum 4 Mal wieder f\u00fcr kleine und gro\u00dfe Mausfans ihre T\u00fcren: Windenergie ist ein Thema der Zukunft. In der Ohrdorfer Windm\u00fchle k\u00f6nnen Mausfans \u00fcber Stationen den Weg vom Getreide zum Mehl live verfolgen. Alte und neue Mahlverfahren, Wiegetechniken oder Zahnr\u00e4der k\u00f6nnen Mausfans selbst in [&hellip;]<\/p>\n","protected":false},"author":1,"featured_media":0,"parent":22,"menu_order":0,"comment_status":"closed","ping_status":"closed","template":"","meta":{"ngg_post_thumbnail":0,"footnotes":""},"class_list":["post-136","page","type-page","status-publish","hentry"],"_links":{"self":[{"href":"https:\/\/www.muehlenurlaub-suedheide.de\/index.php\/wp-json\/wp\/v2\/pages\/136","targetHints":{"allow":["GET"]}}],"collection":[{"href":"https:\/\/www.muehlenurlaub-suedheide.de\/index.php\/wp-json\/wp\/v2\/pages"}],"about":[{"href":"https:\/\/www.muehlenurlaub-suedheide.de\/index.php\/wp-json\/wp\/v2\/types\/page"}],"author":[{"embeddable":true,"href":"https:\/\/www.muehlenurlaub-suedheide.de\/index.php\/wp-json\/wp\/v2\/users\/1"}],"replies":[{"embeddable":true,"href":"https:\/\/www.muehlenurlaub-suedheide.de\/index.php\/wp-json\/wp\/v2\/comments?post=136"}],"version-history":[{"count":2,"href":"https:\/\/www.muehlenurlaub-suedheide.de\/index.php\/wp-json\/wp\/v2\/pages\/136\/revisions"}],"predecessor-version":[{"id":439,"href":"https:\/\/www.muehlenurlaub-suedheide.de\/index.php\/wp-json\/wp\/v2\/pages\/136\/revisions\/439"}],"up":[{"embeddable":true,"href":"https:\/\/www.muehlenurlaub-suedheide.de\/index.php\/wp-json\/wp\/v2\/pages\/22"}],"wp:attachment":[{"href":"https:\/\/www.muehlenurlaub-suedheide.de\/index.php\/wp-json\/wp\/v2\/media?parent=136"}],"curies":[{"name":"wp","href":"https:\/\/api.w.org\/{rel}","templated":true}]}}