{"id":147,"date":"2022-04-11T23:40:43","date_gmt":"2022-04-11T21:40:43","guid":{"rendered":"https:\/\/www.muehlenurlaub-suedheide.de\/?page_id=147"},"modified":"2022-04-12T00:48:51","modified_gmt":"2022-04-11T22:48:51","slug":"presse","status":"publish","type":"page","link":"https:\/\/www.muehlenurlaub-suedheide.de\/index.php\/presse\/","title":{"rendered":"Presse"},"content":{"rendered":"\n<h3 class=\"wp-block-heading\">Medien<\/h3>\n\n\n\n<p>Antenne Niedersachsen: <a rel=\"noreferrer noopener\" href=\"http:\/\/www.antenne.com\/news-service\/service\/urlaub-in-niedersachsen-spezial\/aussergewoehnlich-uebernachten-urlaub-in-niedersachsen\/\" data-type=\"URL\" data-id=\"http:\/\/www.antenne.com\/news-service\/service\/urlaub-in-niedersachsen-spezial\/aussergewoehnlich-uebernachten-urlaub-in-niedersachsen\/\" target=\"_blank\">Urlaub in Niedersachsen<\/a><\/p>\n\n\n\n<p>Sendung mit der Maus: <a rel=\"noreferrer noopener\" href=\"http:\/\/www.wdrmaus.de\/tuer_oeffner_tag\/2016\/index.php5?detail=670101\" data-type=\"URL\" data-id=\"http:\/\/www.wdrmaus.de\/tuer_oeffner_tag\/2016\/index.php5?detail=670101\" target=\"_blank\">T\u00fcr\u00f6ffnertag<\/a><\/p>\n\n\n\n<p>SAT.1: <a rel=\"noreferrer noopener\" href=\"http:\/\/www.sat1regional.de\/aktuell\/article\/ungewoehnlich-uebernachten-ferien-in-der-historischen-muehle-in-wittingen-187058.html\" data-type=\"URL\" data-id=\"http:\/\/www.sat1regional.de\/aktuell\/article\/ungewoehnlich-uebernachten-ferien-in-der-historischen-muehle-in-wittingen-187058.html\" target=\"_blank\">Ungew\u00f6hnlich \u00fcbernachten<\/a><\/p>\n\n\n\n<h3 class=\"wp-block-heading\">Regional<\/h3>\n\n\n\n<p><a rel=\"noreferrer noopener\" href=\"http:\/\/www.ohrdorf-online.de\" data-type=\"URL\" data-id=\"www.ohrdorf-online.de\" target=\"_blank\">Ohrdorf<\/a> (mit Veranstaltungskalender)&nbsp;<\/p>\n\n\n\n<p>Internationales <a rel=\"noreferrer noopener\" href=\"https:\/\/www.suedheide-gifhorn.de\/muehlenmuseum\" data-type=\"URL\" target=\"_blank\">M\u00fchlenmuseum<\/a> Gifhorn<\/p>\n\n\n\n<p><a rel=\"noreferrer noopener\" href=\"https:\/\/www.suedheide-gifhorn.de\" data-type=\"URL\" data-id=\"https:\/\/www.suedheide-gifhorn.de\" target=\"_blank\">S\u00fcdheide<\/a> (mit Veranstaltungskalender)<\/p>\n\n\n\n<h3 class=\"wp-block-heading\">M\u00fchlen<\/h3>\n\n\n\n<p><a rel=\"noreferrer noopener\" href=\"http:\/\/www.muehlenland-niedersachsen.de\" data-type=\"URL\" data-id=\"http:\/\/www.muehlenland-niedersachsen.de\" target=\"_blank\">M\u00fchlenvereinigung<\/a> Niedersachen- Bremen e.V. <\/p>\n\n\n\n<p><a rel=\"noreferrer noopener\" href=\"https:\/\/norddeutsche-muehlen.hpage.com\/index.html\" data-type=\"URL\" data-id=\"https:\/\/norddeutsche-muehlen.hpage.com\/index.html\" target=\"_blank\">Norddeutsche M\u00fchlen<\/a><\/p>\n\n\n\n<p>Fa. <a rel=\"noreferrer noopener\" href=\"https:\/\/www.paetzmann-wl.de\" data-type=\"URL\" data-id=\"https:\/\/www.paetzmann-wl.de\" target=\"_blank\">P\u00e4tzmann M\u00fchlenbautechnik&nbsp;<\/a><\/p>\n\n\n\n<h3 class=\"wp-block-heading\">Partner<\/h3>\n\n\n\n<p><a href=\"http:\/\/www.jochen-schweizer.de\/geburtstagsgeschenk\/uebernachtung-windmuehle,default,pd.html\" data-type=\"URL\" data-id=\"http:\/\/www.jochen-schweizer.de\/geburtstagsgeschenk\/uebernachtung-windmuehle,default,pd.html\" target=\"_blank\" rel=\"noreferrer noopener\">Jochen Schweizer<\/a><\/p>\n\n\n\n<p><a href=\"http:\/\/www.mydays.de\/geschenkidee\/windmuehlen-uebernachtung-wittingen\" data-type=\"URL\" data-id=\"http:\/\/www.mydays.de\/geschenkidee\/windmuehlen-uebernachtung-wittingen\" target=\"_blank\" rel=\"noreferrer noopener\">MyDays<\/a><\/p>\n\n\n\n<h3 class=\"wp-block-heading\">Sonstige<\/h3>\n\n\n\n<p>Prof. Dr. Ing. Dipl. Math. Katja A. R\u00f6sler: <a href=\"http:\/\/www.drroesler.de\" data-type=\"URL\" data-id=\"www.drroesler.de\" target=\"_blank\" rel=\"noreferrer noopener\">drroesler.de<\/a><\/p>\n","protected":false},"excerpt":{"rendered":"<p>Medien Antenne Niedersachsen: Urlaub in Niedersachsen Sendung mit der Maus: T\u00fcr\u00f6ffnertag SAT.1: Ungew\u00f6hnlich \u00fcbernachten Regional Ohrdorf (mit Veranstaltungskalender)&nbsp; Internationales M\u00fchlenmuseum Gifhorn S\u00fcdheide (mit Veranstaltungskalender) M\u00fchlen M\u00fchlenvereinigung Niedersachen- Bremen e.V. Norddeutsche M\u00fchlen Fa. P\u00e4tzmann M\u00fchlenbautechnik&nbsp; Partner Jochen Schweizer MyDays Sonstige Prof. Dr. Ing. Dipl. Math. Katja A. R\u00f6sler: drroesler.de<\/p>\n","protected":false},"author":1,"featured_media":0,"parent":0,"menu_order":0,"comment_status":"closed","ping_status":"closed","template":"","meta":{"ngg_post_thumbnail":0,"footnotes":""},"class_list":["post-147","page","type-page","status-publish","hentry"],"_links":{"self":[{"href":"https:\/\/www.muehlenurlaub-suedheide.de\/index.php\/wp-json\/wp\/v2\/pages\/147","targetHints":{"allow":["GET"]}}],"collection":[{"href":"https:\/\/www.muehlenurlaub-suedheide.de\/index.php\/wp-json\/wp\/v2\/pages"}],"about":[{"href":"https:\/\/www.muehlenurlaub-suedheide.de\/index.php\/wp-json\/wp\/v2\/types\/page"}],"author":[{"embeddable":true,"href":"https:\/\/www.muehlenurlaub-suedheide.de\/index.php\/wp-json\/wp\/v2\/users\/1"}],"replies":[{"embeddable":true,"href":"https:\/\/www.muehlenurlaub-suedheide.de\/index.php\/wp-json\/wp\/v2\/comments?post=147"}],"version-history":[{"count":4,"href":"https:\/\/www.muehlenurlaub-suedheide.de\/index.php\/wp-json\/wp\/v2\/pages\/147\/revisions"}],"predecessor-version":[{"id":165,"href":"https:\/\/www.muehlenurlaub-suedheide.de\/index.php\/wp-json\/wp\/v2\/pages\/147\/revisions\/165"}],"wp:attachment":[{"href":"https:\/\/www.muehlenurlaub-suedheide.de\/index.php\/wp-json\/wp\/v2\/media?parent=147"}],"curies":[{"name":"wp","href":"https:\/\/api.w.org\/{rel}","templated":true}]}}