{"id":171,"date":"2022-04-12T10:06:50","date_gmt":"2022-04-12T08:06:50","guid":{"rendered":"https:\/\/www.muehlenurlaub-suedheide.de\/?page_id=171"},"modified":"2023-03-03T13:32:36","modified_gmt":"2023-03-03T12:32:36","slug":"windmuehle","status":"publish","type":"page","link":"https:\/\/www.muehlenurlaub-suedheide.de\/index.php\/urlaub\/windmuehle\/","title":{"rendered":"Windm\u00fchle"},"content":{"rendered":"\n<h3 class=\"wp-block-heading\">Entspannen und Energie tanken im Turmholl\u00e4nder von 1867<\/h3>\n\n\n\n<p>Windm\u00fchle ab Sommer 2015 mit neuen Segelgatterfl\u00fcgeln<\/p>\n\n\n\n<p><\/p>\n\n\n\n<div class=\"wp-block-columns is-layout-flex wp-container-core-columns-is-layout-9d6595d7 wp-block-columns-is-layout-flex\">\n<div class=\"wp-block-column is-layout-flow wp-block-column-is-layout-flow\" style=\"flex-basis:100%\">\n<div class=\"wp-block-group\"><div class=\"wp-block-group__inner-container is-layout-flow wp-block-group-is-layout-flow\">\n<!-- default-view.php -->\n<div\n\tclass=\"ngg-galleryoverview default-view \"\n\tid=\"ngg-gallery-60a6b3b2340d5313af5cb9e5c6fd36ae-1\">\n\n\t\t<!-- Thumbnails -->\n\t\t\t\t<div id=\"ngg-image-0\" class=\"ngg-gallery-thumbnail-box \" >\n\t\t\t\t        <div class=\"ngg-gallery-thumbnail\">\n            <a href=\"https:\/\/www.muehlenurlaub-suedheide.de\/wp-content\/gallery\/urlaub-windmuehle\/cache_140269.jpg%40t1468744616.png\"\n               title=\"\"\n               data-src=\"https:\/\/www.muehlenurlaub-suedheide.de\/wp-content\/gallery\/urlaub-windmuehle\/cache_140269.jpg%40t1468744616.png\"\n               data-thumbnail=\"https:\/\/www.muehlenurlaub-suedheide.de\/wp-content\/gallery\/urlaub-windmuehle\/thumbs\/thumbs_cache_140269.jpg%40t1468744616.png\"\n               data-image-id=\"5\"\n               data-title=\"cache_140269.jpg@t1468744616\"\n               data-description=\"\"\n               data-image-slug=\"cache_140269-jpgt1468744616\"\n               class=\"ngg-simplelightbox\" rel=\"60a6b3b2340d5313af5cb9e5c6fd36ae\">\n                <img\n                    title=\"cache_140269.jpg@t1468744616\"\n                    alt=\"cache_140269.jpg@t1468744616\"\n                    src=\"https:\/\/www.muehlenurlaub-suedheide.de\/wp-content\/gallery\/urlaub-windmuehle\/thumbs\/thumbs_cache_140269.jpg%40t1468744616.png\"\n                    width=\"240\"\n                    height=\"160\"\n                    style=\"max-width:100%;\"\n                \/>\n            <\/a>\n        <\/div>\n\t\t\t\t\t\t\t<\/div> \n\t\t\t\n\t\t\t\t<div id=\"ngg-image-1\" class=\"ngg-gallery-thumbnail-box \" >\n\t\t\t\t        <div class=\"ngg-gallery-thumbnail\">\n            <a href=\"https:\/\/www.muehlenurlaub-suedheide.de\/wp-content\/gallery\/urlaub-windmuehle\/cache_140272.jpg%40t1468731682.jpeg\"\n               title=\"\"\n               data-src=\"https:\/\/www.muehlenurlaub-suedheide.de\/wp-content\/gallery\/urlaub-windmuehle\/cache_140272.jpg%40t1468731682.jpeg\"\n               data-thumbnail=\"https:\/\/www.muehlenurlaub-suedheide.de\/wp-content\/gallery\/urlaub-windmuehle\/thumbs\/thumbs_cache_140272.jpg%40t1468731682.jpeg\"\n               data-image-id=\"6\"\n               data-title=\"cache_140272.jpg@t1468731682\"\n               data-description=\"\"\n               data-image-slug=\"cache_140272-jpgt1468731682\"\n               class=\"ngg-simplelightbox\" rel=\"60a6b3b2340d5313af5cb9e5c6fd36ae\">\n                <img\n                    title=\"cache_140272.jpg@t1468731682\"\n                    alt=\"cache_140272.jpg@t1468731682\"\n                    src=\"https:\/\/www.muehlenurlaub-suedheide.de\/wp-content\/gallery\/urlaub-windmuehle\/thumbs\/thumbs_cache_140272.jpg%40t1468731682.jpeg\"\n                    width=\"240\"\n                    height=\"160\"\n                    style=\"max-width:100%;\"\n                \/>\n            <\/a>\n        <\/div>\n\t\t\t\t\t\t\t<\/div> \n\t\t\t\n\t\t\t\t<div id=\"ngg-image-2\" class=\"ngg-gallery-thumbnail-box \" >\n\t\t\t\t        <div class=\"ngg-gallery-thumbnail\">\n            <a href=\"https:\/\/www.muehlenurlaub-suedheide.de\/wp-content\/gallery\/urlaub-windmuehle\/cache_140273.jpg%40t1468731683.jpeg\"\n               title=\"\"\n               data-src=\"https:\/\/www.muehlenurlaub-suedheide.de\/wp-content\/gallery\/urlaub-windmuehle\/cache_140273.jpg%40t1468731683.jpeg\"\n               data-thumbnail=\"https:\/\/www.muehlenurlaub-suedheide.de\/wp-content\/gallery\/urlaub-windmuehle\/thumbs\/thumbs_cache_140273.jpg%40t1468731683.jpeg\"\n               data-image-id=\"7\"\n               data-title=\"cache_140273.jpg@t1468731683\"\n               data-description=\"\"\n               data-image-slug=\"cache_140273-jpgt1468731683\"\n               class=\"ngg-simplelightbox\" rel=\"60a6b3b2340d5313af5cb9e5c6fd36ae\">\n                <img\n                    title=\"cache_140273.jpg@t1468731683\"\n                    alt=\"cache_140273.jpg@t1468731683\"\n                    src=\"https:\/\/www.muehlenurlaub-suedheide.de\/wp-content\/gallery\/urlaub-windmuehle\/thumbs\/thumbs_cache_140273.jpg%40t1468731683.jpeg\"\n                    width=\"240\"\n                    height=\"160\"\n                    style=\"max-width:100%;\"\n                \/>\n            <\/a>\n        <\/div>\n\t\t\t\t\t\t\t<\/div> \n\t\t\t\n\t\t\t\t<div id=\"ngg-image-3\" class=\"ngg-gallery-thumbnail-box \" >\n\t\t\t\t        <div class=\"ngg-gallery-thumbnail\">\n            <a href=\"https:\/\/www.muehlenurlaub-suedheide.de\/wp-content\/gallery\/urlaub-windmuehle\/cache_141737.jpg%40t1468744764.png\"\n               title=\"\"\n               data-src=\"https:\/\/www.muehlenurlaub-suedheide.de\/wp-content\/gallery\/urlaub-windmuehle\/cache_141737.jpg%40t1468744764.png\"\n               data-thumbnail=\"https:\/\/www.muehlenurlaub-suedheide.de\/wp-content\/gallery\/urlaub-windmuehle\/thumbs\/thumbs_cache_141737.jpg%40t1468744764.png\"\n               data-image-id=\"8\"\n               data-title=\"cache_141737.jpg@t1468744764\"\n               data-description=\"\"\n               data-image-slug=\"cache_141737-jpgt1468744764\"\n               class=\"ngg-simplelightbox\" rel=\"60a6b3b2340d5313af5cb9e5c6fd36ae\">\n                <img\n                    title=\"cache_141737.jpg@t1468744764\"\n                    alt=\"cache_141737.jpg@t1468744764\"\n                    src=\"https:\/\/www.muehlenurlaub-suedheide.de\/wp-content\/gallery\/urlaub-windmuehle\/thumbs\/thumbs_cache_141737.jpg%40t1468744764.png\"\n                    width=\"240\"\n                    height=\"160\"\n                    style=\"max-width:100%;\"\n                \/>\n            <\/a>\n        <\/div>\n\t\t\t\t\t\t\t<\/div> \n\t\t\t\n\t\n\t<br style=\"clear: both\" \/>\n\n\t\n\t\t<!-- Pagination -->\n\t<div class='ngg-clear'><\/div>\t<\/div>\n\n<\/div><\/div>\n<\/div>\n<\/div>\n\n\n\n<div class=\"wp-block-columns is-layout-flex wp-container-core-columns-is-layout-9d6595d7 wp-block-columns-is-layout-flex\">\n<div class=\"wp-block-column is-layout-flow wp-block-column-is-layout-flow\" style=\"flex-basis:100%\">\n<div class=\"wp-block-group\"><div class=\"wp-block-group__inner-container is-layout-flow wp-block-group-is-layout-flow\"><\/div><\/div>\n<\/div>\n<\/div>\n\n\n\n<h3 class=\"wp-block-heading\">Buchungskalender<\/h3>\n\n\n\n<p><\/p>\n\n\n\n<p>Ist Ihr Wunschtermin noch frei?! Gerne k\u00f6nnen Sie \u00fcber ein Portal (wie Fewo) &#8211; oder ohne Umwege \u00fcber mich direkt buchen (ich ermittle ein individuelles Angebot f\u00fcr Sie)<\/p>\n\n\n\n<p>auch bei <a href=\"http:\/\/www.fewo-direkt.de\/ferienwohnung-ferienhaus\/p2010453\" data-type=\"URL\" data-id=\"http:\/\/www.fewo-direkt.de\/ferienwohnung-ferienhaus\/p2010453\" target=\"_blank\" rel=\"noreferrer noopener\">Belegungskalender Windm\u00fchle mit kleiner Ferienwohnung<\/a><\/p>\n\n\n\n<p>auch bei <a href=\"https:\/\/www.fewo-direkt.de\/ferienwohnung-ferienhaus\/p5091529?noDates=true&amp;uni_id=3643622\" target=\"_blank\" rel=\"noreferrer noopener\">Belegungskalender Windm\u00fchle<\/a><\/p>\n\n\n\n<p>auch bei <a href=\"https:\/\/www.fewo-direkt.de\/ferienwohnung-ferienhaus\/p5091504?noDates=true&amp;uni_id=3643598\" target=\"_blank\" rel=\"noreferrer noopener\">Belegungskalender Kleine Ferienwohnung<\/a><\/p>\n\n\n\n<p>auch bei <a href=\"https:\/\/www.fewo-direkt.de\/ferienwohnung-ferienhaus\/p5327173?arrival=2023-04-24&amp;departure=2023-04-28&amp;uni_id=3878008\" target=\"_blank\" rel=\"noreferrer noopener\">Belegungskalender alte M\u00fcllerswohnung<\/a><\/p>\n\n\n\n<h3 class=\"wp-block-heading\">Kontakt:<\/h3>\n\n\n\n<p>Prof. Dr.-Ing. Katja A. R\u00f6sler<\/p>\n\n\n\n<p>Tel: 0151 \/ 46531933<\/p>\n\n\n\n<p>Telefon: <a href=\"tel:\/\/004915146531933\">+49 151 \/ 46531933&nbsp;<\/a><\/p>\n\n\n\n<p>Mail: <a href=\"mailto:info@muehlenurlaub-suedheide.de\">info@muehlenurlaub-suedheide.de<\/a><\/p>\n\n\n\n<p><\/p>\n\n\n\n<h3 class=\"wp-block-heading\">Kontaktformular:<\/h3>\n\n\n\n<div class=\"wp-block-contact-form-7-contact-form-selector\"><div role=\"form\" class=\"wpcf7\" id=\"wpcf7-f152-o1\" lang=\"de-DE\" dir=\"ltr\">\n<div class=\"screen-reader-response\"><p role=\"status\" aria-live=\"polite\" aria-atomic=\"true\"><\/p> <ul><\/ul><\/div>\n<form action=\"\/index.php\/wp-json\/wp\/v2\/pages\/171#wpcf7-f152-o1\" method=\"post\" class=\"wpcf7-form init\" novalidate=\"novalidate\" data-status=\"init\">\n<div style=\"display: none;\">\n<input type=\"hidden\" name=\"_wpcf7\" value=\"152\" \/>\n<input type=\"hidden\" name=\"_wpcf7_version\" value=\"5.6.3\" \/>\n<input type=\"hidden\" name=\"_wpcf7_locale\" value=\"de_DE\" \/>\n<input type=\"hidden\" name=\"_wpcf7_unit_tag\" value=\"wpcf7-f152-o1\" \/>\n<input type=\"hidden\" name=\"_wpcf7_container_post\" value=\"0\" \/>\n<input type=\"hidden\" name=\"_wpcf7_posted_data_hash\" value=\"\" \/>\n<\/div>\n<p><label> Dein Name<br \/>\n    <span class=\"wpcf7-form-control-wrap\" data-name=\"your-name\"><input type=\"text\" name=\"your-name\" value=\"\" size=\"40\" class=\"wpcf7-form-control wpcf7-text wpcf7-validates-as-required\" aria-required=\"true\" aria-invalid=\"false\" \/><\/span> <\/label><\/p>\n<p><label> Deine E-Mail-Adresse<br \/>\n    <span class=\"wpcf7-form-control-wrap\" data-name=\"your-email\"><input type=\"email\" name=\"your-email\" value=\"\" size=\"40\" class=\"wpcf7-form-control wpcf7-text wpcf7-email wpcf7-validates-as-required wpcf7-validates-as-email\" aria-required=\"true\" aria-invalid=\"false\" \/><\/span> <\/label><\/p>\n<p><label> Betreff<br \/>\n    <span class=\"wpcf7-form-control-wrap\" data-name=\"your-subject\"><input type=\"text\" name=\"your-subject\" value=\"\" size=\"40\" class=\"wpcf7-form-control wpcf7-text wpcf7-validates-as-required\" aria-required=\"true\" aria-invalid=\"false\" \/><\/span> <\/label><\/p>\n<p><label> Deine Nachricht (optional)<br \/>\n    <span class=\"wpcf7-form-control-wrap\" data-name=\"your-message\"><textarea name=\"your-message\" cols=\"40\" rows=\"10\" class=\"wpcf7-form-control wpcf7-textarea\" aria-invalid=\"false\"><\/textarea><\/span> <\/label><br \/>\n<label><br \/>\nGebe diesen Code ein:<input type=\"hidden\" name=\"_wpcf7_captcha_challenge_captcha-2\" value=\"3368748887\" \/><img loading=\"lazy\" decoding=\"async\" class=\"wpcf7-form-control wpcf7-captchac wpcf7-captcha-captcha-2\" width=\"72\" height=\"24\" alt=\"captcha\" src=\"https:\/\/www.muehlenurlaub-suedheide.de\/wp-content\/uploads\/wpcf7_captcha\/3368748887.png\" \/> <span class=\"wpcf7-form-control-wrap\" data-name=\"captcha-2\"><input type=\"text\" name=\"captcha-2\" value=\"\" size=\"40\" class=\"wpcf7-form-control wpcf7-captchar\" autocomplete=\"off\" aria-invalid=\"false\" \/><\/span><br \/>\n<\/label><br \/>\n<input type=\"submit\" value=\"Senden\" class=\"wpcf7-form-control has-spinner wpcf7-submit\" \/><\/p>\n<div class=\"wpcf7-response-output\" aria-hidden=\"true\"><\/div><\/form><\/div><\/div>\n\n\n\n<p>Weitere Etagen:<\/p>\n\n\n\n<ul class=\"wp-block-list\">\n<li><a href=\"https:\/\/www.muehlenurlaub-suedheide.de\/index.php\/urlaub\/erdgeschoss\/\" data-type=\"URL\">Erdgeschoss<\/a><\/li>\n\n\n\n<li><a href=\"https:\/\/www.muehlenurlaub-suedheide.de\/index.php\/urlaub\/1-og\/\" data-type=\"URL\" data-id=\"https:\/\/www.muehlenurlaub-suedheide.de\/index.php\/urlaub\/1-og\/\">1. OG<\/a><\/li>\n\n\n\n<li><a href=\"https:\/\/www.muehlenurlaub-suedheide.de\/index.php\/urlaub\/2-og\/\" data-type=\"URL\">2. OG<\/a><\/li>\n<\/ul>\n","protected":false},"excerpt":{"rendered":"<p>Entspannen und Energie tanken im Turmholl\u00e4nder von 1867 Windm\u00fchle ab Sommer 2015 mit neuen Segelgatterfl\u00fcgeln Buchungskalender Ist Ihr Wunschtermin noch frei?! Gerne k\u00f6nnen Sie \u00fcber ein Portal (wie Fewo) &#8211; oder ohne Umwege \u00fcber mich direkt buchen (ich ermittle ein individuelles Angebot f\u00fcr Sie) auch bei Belegungskalender Windm\u00fchle mit kleiner Ferienwohnung auch bei Belegungskalender Windm\u00fchle [&hellip;]<\/p>\n","protected":false},"author":1,"featured_media":0,"parent":16,"menu_order":0,"comment_status":"closed","ping_status":"closed","template":"","meta":{"ngg_post_thumbnail":0,"footnotes":""},"class_list":["post-171","page","type-page","status-publish","hentry"],"_links":{"self":[{"href":"https:\/\/www.muehlenurlaub-suedheide.de\/index.php\/wp-json\/wp\/v2\/pages\/171","targetHints":{"allow":["GET"]}}],"collection":[{"href":"https:\/\/www.muehlenurlaub-suedheide.de\/index.php\/wp-json\/wp\/v2\/pages"}],"about":[{"href":"https:\/\/www.muehlenurlaub-suedheide.de\/index.php\/wp-json\/wp\/v2\/types\/page"}],"author":[{"embeddable":true,"href":"https:\/\/www.muehlenurlaub-suedheide.de\/index.php\/wp-json\/wp\/v2\/users\/1"}],"replies":[{"embeddable":true,"href":"https:\/\/www.muehlenurlaub-suedheide.de\/index.php\/wp-json\/wp\/v2\/comments?post=171"}],"version-history":[{"count":9,"href":"https:\/\/www.muehlenurlaub-suedheide.de\/index.php\/wp-json\/wp\/v2\/pages\/171\/revisions"}],"predecessor-version":[{"id":505,"href":"https:\/\/www.muehlenurlaub-suedheide.de\/index.php\/wp-json\/wp\/v2\/pages\/171\/revisions\/505"}],"up":[{"embeddable":true,"href":"https:\/\/www.muehlenurlaub-suedheide.de\/index.php\/wp-json\/wp\/v2\/pages\/16"}],"wp:attachment":[{"href":"https:\/\/www.muehlenurlaub-suedheide.de\/index.php\/wp-json\/wp\/v2\/media?parent=171"}],"curies":[{"name":"wp","href":"https:\/\/api.w.org\/{rel}","templated":true}]}}