{"id":2,"date":"2022-04-11T19:35:01","date_gmt":"2022-04-11T17:35:01","guid":{"rendered":"https:\/\/www.muehlenurlaub-suedheide.de\/?page_id=2"},"modified":"2023-03-03T14:09:21","modified_gmt":"2023-03-03T13:09:21","slug":"startseite","status":"publish","type":"page","link":"https:\/\/www.muehlenurlaub-suedheide.de\/","title":{"rendered":"Home"},"content":{"rendered":"\n<h2 class=\"wp-block-heading\">150 Jahre Ohrdorfer Windm\u00fchle<\/h2>\n\n\n\n<p>Entspannen und Energie tanken im Turmholl\u00e4nder von 1867<\/p>\n\n\n\n<h4 class=\"wp-block-heading\">Aktuelles<\/h4>\n\n\n\n<h4 class=\"wp-block-heading\">Wir freuen uns auf die Aufnahme bei Bett + Bike &#8211; Ferienwohnung!<\/h4>\n\n\n\n<h4 class=\"wp-block-heading\"><a href=\"https:\/\/wordpress.org\/\"><\/a><\/h4>\n\n\n\n<figure class=\"wp-block-image size-large\"><img loading=\"lazy\" decoding=\"async\" width=\"1024\" height=\"320\" src=\"https:\/\/www.muehlenurlaub-suedheide.de\/wp-content\/uploads\/2023\/03\/BettBike-Logo_farbig_grosse-Darstellung_jpg-1024x320.jpeg\" alt=\"\" class=\"wp-image-475\" srcset=\"https:\/\/www.muehlenurlaub-suedheide.de\/wp-content\/uploads\/2023\/03\/BettBike-Logo_farbig_grosse-Darstellung_jpg-1024x320.jpeg 1024w, https:\/\/www.muehlenurlaub-suedheide.de\/wp-content\/uploads\/2023\/03\/BettBike-Logo_farbig_grosse-Darstellung_jpg-300x94.jpeg 300w, https:\/\/www.muehlenurlaub-suedheide.de\/wp-content\/uploads\/2023\/03\/BettBike-Logo_farbig_grosse-Darstellung_jpg-768x240.jpeg 768w, https:\/\/www.muehlenurlaub-suedheide.de\/wp-content\/uploads\/2023\/03\/BettBike-Logo_farbig_grosse-Darstellung_jpg.jpeg 1187w\" sizes=\"auto, (max-width: 1024px) 100vw, 1024px\" \/><\/figure>\n\n\n\n<figure class=\"wp-block-image size-large\"><img loading=\"lazy\" decoding=\"async\" width=\"1024\" height=\"1024\" src=\"https:\/\/www.muehlenurlaub-suedheide.de\/wp-content\/uploads\/2023\/03\/Fahrradausflug-1024x1024.jpg\" alt=\"\" class=\"wp-image-510\" srcset=\"https:\/\/www.muehlenurlaub-suedheide.de\/wp-content\/uploads\/2023\/03\/Fahrradausflug-1024x1024.jpg 1024w, https:\/\/www.muehlenurlaub-suedheide.de\/wp-content\/uploads\/2023\/03\/Fahrradausflug-300x300.jpg 300w, https:\/\/www.muehlenurlaub-suedheide.de\/wp-content\/uploads\/2023\/03\/Fahrradausflug-150x150.jpg 150w, https:\/\/www.muehlenurlaub-suedheide.de\/wp-content\/uploads\/2023\/03\/Fahrradausflug-768x768.jpg 768w, https:\/\/www.muehlenurlaub-suedheide.de\/wp-content\/uploads\/2023\/03\/Fahrradausflug-1536x1536.jpg 1536w, https:\/\/www.muehlenurlaub-suedheide.de\/wp-content\/uploads\/2023\/03\/Fahrradausflug-2048x2048.jpg 2048w\" sizes=\"auto, (max-width: 1024px) 100vw, 1024px\" \/><figcaption class=\"wp-element-caption\">Fahrradausflug<\/figcaption><\/figure>\n\n\n\n<p>Wir freuen uns FahrradsportlerInnen aufnehmen zu k\u00f6nnen. Besonders geeignet hierf\u00fcr ist die kleine Ferienwohnung bei der Windm\u00fchle und die neu hergerichtete alte M\u00fcllerswohnung. Werkzeug ist f\u00fcr kleinere Reparaturen vorhanden. Auf Wunsch k\u00f6nnen Leihfahrr\u00e4der vermittelt werden &#8211; oder sogar individuelle Touren zu Geheimtipps im Umland vermittelt werden. Sprechen Sie uns an!<\/p>\n\n\n\n<p><\/p>\n\n\n\n<p><\/p>\n\n\n<div class=\"wp-block-image\">\n<figure class=\"alignright size-full\"><a href=\"https:\/\/www.muehlenurlaub-suedheide.de\/wp-content\/uploads\/2022\/04\/muehle.png\"><img loading=\"lazy\" decoding=\"async\" width=\"276\" height=\"414\" src=\"https:\/\/www.muehlenurlaub-suedheide.de\/wp-content\/uploads\/2022\/04\/muehle.png\" alt=\"\" class=\"wp-image-13\" srcset=\"https:\/\/www.muehlenurlaub-suedheide.de\/wp-content\/uploads\/2022\/04\/muehle.png 276w, https:\/\/www.muehlenurlaub-suedheide.de\/wp-content\/uploads\/2022\/04\/muehle-200x300.png 200w\" sizes=\"auto, (max-width: 276px) 100vw, 276px\" \/><\/a><\/figure>\n<\/div>\n\n\n<p><strong>Deutscher M\u00fchlentag der M\u00fchlenvereinigung Niedersachsen Bremen:<\/strong><\/p>\n\n\n\n<p>Tag der offenen T\u00fcr ist der Pfingstmontag von 10-16 Uhr. Bei gutem Wetter und Westwind mit Drehen der Fl\u00fcgel.<\/p>\n\n\n\n<pre class=\"wp-block-preformatted\">Datum: 29.05.2023&nbsp;\nUhrzeit: 10-16 Uhr\nAdresse: Windm\u00fchle 1, 29378 Wittingen - Ohrdorf&nbsp;<a href=\"https:\/\/goo.gl\/maps\/JYyEpq2Y6DAkAzTR9\">Adresse per Link<\/a><\/pre>\n\n\n\n<ol class=\"wp-block-list\">\n<li>F\u00fchrungen durch die M\u00fchle und durch das R\u00e4derwerk<\/li>\n\n\n\n<li>Vorf\u00fchrung vom Weizenmahlstuhl und Schrotm\u00fchlen<\/li>\n\n\n\n<li>Aufsegeln der Windm\u00fchle<\/li>\n\n\n\n<li>bei geeignetem Wind drehen die Fl\u00fcgel<\/li>\n\n\n\n<li>f\u00fcr das leibliche Wohl ist gesorgt<\/li>\n\n\n\n<li>kindgerechte Stationen &#8222;vom Korn zum Mehl&#8220;<\/li>\n<\/ol>\n\n\n\n<p>Weitere Informationen zum <a rel=\"noreferrer noopener\" href=\"http:\/\/www.muehlenland-niedersachsen.de\/index.php?id=42\" data-type=\"URL\" data-id=\"http:\/\/www.muehlenland-niedersachsen.de\/index.php?id=42\" target=\"_blank\">M\u00fchlentag<\/a> in Niedersachsen.<\/p>\n\n\n\n<div data-wp-interactive=\"core\/file\" class=\"wp-block-file\"><object data-wp-bind--hidden=\"!state.hasPdfPreview\" hidden class=\"wp-block-file__embed\" data=\"https:\/\/www.muehlenurlaub-suedheide.de\/wp-content\/uploads\/2023\/03\/DGM_Plakat_DinA2.pdf\" type=\"application\/pdf\" style=\"width:100%;height:600px\" aria-label=\"Einbettung von DGM_Plakat_DinA2.\"><\/object><a id=\"wp-block-file--media-349cfdc1-16fc-4d45-a9a8-bf00923a9d66\" href=\"https:\/\/www.muehlenurlaub-suedheide.de\/wp-content\/uploads\/2023\/03\/DGM_Plakat_DinA2.pdf\">DGM_Plakat_DinA2<\/a><a href=\"https:\/\/www.muehlenurlaub-suedheide.de\/wp-content\/uploads\/2023\/03\/DGM_Plakat_DinA2.pdf\" class=\"wp-block-file__button wp-element-button\" download aria-describedby=\"wp-block-file--media-349cfdc1-16fc-4d45-a9a8-bf00923a9d66\">Herunterladen<\/a><\/div>\n\n\n<div id=\"wpgmza_map\" class=\"wpgmza_map\" data-settings='{\"id\":\"1\",\"map_title\":\"M\\u00fchle\",\"map_width\":\"100\",\"map_height\":\"200\",\"map_start_lat\":\"52.70044842691664\",\"map_start_lng\":\"10.801045000550282\",\"map_start_location\":\"45.950464398418106,-109.81550500000003\",\"map_start_zoom\":\"17\",\"default_marker\":\"\",\"type\":\"0\",\"alignment\":\"4\",\"directions_enabled\":\"0\",\"styling_enabled\":\"0\",\"styling_json\":\"\",\"active\":\"0\",\"kml\":\"\",\"bicycle\":\"0\",\"traffic\":\"0\",\"dbox\":\"0\",\"dbox_width\":\"\",\"listmarkers\":\"0\",\"listmarkers_advanced\":\"0\",\"filterbycat\":\"0\",\"ugm_enabled\":\"0\",\"ugm_category_enabled\":\"0\",\"fusion\":\"\",\"map_width_type\":\"%\",\"map_height_type\":\"px\",\"mass_marker_support\":\"0\",\"ugm_access\":\"0\",\"order_markers_by\":\"0\",\"order_markers_choice\":\"0\",\"show_user_location\":\"0\",\"default_to\":\"\",\"other_settings\":{\"map_type\":1,\"sl_stroke_color\":\"\",\"sl_fill_color\":\"\",\"sl_stroke_opacity\":\"\",\"sl_fill_opacity\":\"\",\"transport_layer\":false,\"action\":\"wpgmza_save_map\",\"redirect_to\":\"\\\/wp-admin\\\/admin-post.php\",\"map_id\":\"1\",\"http_referer\":\"\\\/wp-admin\\\/admin.php?page=wp-google-maps-menu&amp;amp;action=edit&amp;amp;map_id=1\",\"wpgmza_id\":\"1\",\"wpgmza_start_location\":\"52.70044842691664,10.801045000550282\",\"wpgmza_start_zoom\":\"17\",\"store_locator_enabled\":false,\"store_locator_search_area\":\"radial\",\"wpgmza_store_locator_radius_style\":\"legacy\",\"wpgmza_store_locator_default_radius\":\"10\",\"store_locator_auto_area_max_zoom\":\"\",\"store_locator_distance\":false,\"wpgmza_store_locator_position\":false,\"store_locator_show_distance\":false,\"store_locator_category\":false,\"wpgmza_store_locator_use_their_location\":false,\"wpgmza_store_locator_bounce\":false,\"wpgmza_sl_animation\":null,\"wpgmza_store_locator_hide_before_search\":false,\"store_locator_query_string\":\"\",\"store_locator_default_address\":\"\",\"store_locator_name_search\":false,\"store_locator_name_string\":\"\",\"store_locator_not_found_message\":\"\",\"wpgmza_map_align\":\"1\",\"jump_to_nearest_marker_on_initialization\":false,\"automatically_pan_to_users_location\":false,\"override_users_location_zoom_level\":false,\"override_users_location_zoom_levels\":\"\",\"show_distance_from_location\":false,\"map_max_zoom\":\"21\",\"map_min_zoom\":\"0\",\"click_open_link\":false,\"fit_maps_bounds_to_markers\":false,\"fit_maps_bounds_to_markers_after_filtering\":false,\"hide_point_of_interest\":false,\"wpgmza_zoom_on_marker_click\":false,\"wpgmza_zoom_on_marker_click_slider\":\"\",\"close_infowindow_on_map_click\":false,\"disable_lightbox_images\":false,\"use_Raw_Jpeg_Coordinates\":false,\"disable_polygon_info_windows\":false,\"enable_marker_ratings\":false,\"only_load_markers_within_viewport\":false,\"iw_primary_color\":\"#000000\",\"iw_accent_color\":\"#000000\",\"iw_text_color\":\"#000000\",\"wpgmza_listmarkers_by\":\"0\",\"wpgmza_marker_listing_position\":false,\"zoom_level_on_marker_listing_override\":false,\"zoom_level_on_marker_listing_click\":\"\",\"datatable_no_result_message\":\"\",\"remove_search_box_datables\":false,\"dataTable_pagination_style\":null,\"datatable_search_string\":\"\",\"datatable_result_start\":\"\",\"datatable_result_of\":\"\",\"datatable_result_to\":\"\",\"datatable_result_total\":\"\",\"datatable_result_show\":\"\",\"datatable_result_entries\":\"\",\"wpgmza_savemap\":\"Karte speichern \\u00bb\"}}' data-map-id='1' Data-maps-engine='open-layers' data-shortcode-attributes='{\"id\":\"1\"}' style=\"display:block; overflow:auto; width:100%; height:200px; float:left;\"><\/div>\n\n\n\n<div style=\"height:100px\" aria-hidden=\"true\" class=\"wp-block-spacer\"><\/div>\n\n\n\n<figure class=\"wp-block-video\"><video height=\"1080\" style=\"aspect-ratio: 1920 \/ 1080;\" width=\"1920\" controls src=\"https:\/\/www.muehlenurlaub-suedheide.de\/wp-content\/uploads\/2022\/04\/drehende_Fluegel.mp4\"><\/video><figcaption class=\"wp-element-caption\">Drehende Fl\u00fcgel<\/figcaption><\/figure>\n\n\n\n<figure class=\"wp-block-video\"><video height=\"1920\" style=\"aspect-ratio: 1080 \/ 1920;\" width=\"1080\" controls src=\"https:\/\/www.muehlenurlaub-suedheide.de\/wp-content\/uploads\/2023\/03\/3.-Okt..mov\"><\/video><\/figure>\n\n\n\n<p>Impressionen om 3. Oktober 2022<\/p>\n\n\n\n<figure class=\"wp-block-video\"><video height=\"1920\" style=\"aspect-ratio: 1080 \/ 1920;\" width=\"1080\" controls src=\"https:\/\/www.muehlenurlaub-suedheide.de\/wp-content\/uploads\/2023\/03\/5.-Okt..mov\"><\/video><figcaption class=\"wp-element-caption\">Besuch der Schulkindergartengruppe des Kindergartens Ohrdorf am 5. Oktober 2022<\/figcaption><\/figure>\n\n\n\n<p><strong><strong>T\u00fcren Auf f\u00fcr die Maus: 3. Oktober<\/strong> 2023<\/strong> <\/p>\n\n\n\n<p>Auch dieses Jahr \u00f6ffnet die Ohrdorfer Windm\u00fchle wieder Ihre T\u00fcren f\u00fcr kleine und gro\u00dfe Mausfans: <\/p>\n\n\n\n<p>Das Thema wird noch bekannt gegeben.<\/p>\n\n\n\n<p>Bei gutem Wetter und Westwind mit Drehen der Fl\u00fcgel.<\/p>\n\n\n\n<p>Weitere Info auf der <a href=\"https:\/\/www.wdrmaus.de\/tuer_oeffner_tag\/2022\/index.php5?detail=722925\" target=\"_blank\" rel=\"noreferrer noopener\">Homepage<\/a> der Maus.<\/p>\n\n\n\n<p>Anmeldung per E-Mail erforderlich an die Adresse: <a href=\"mailto:info@muehlenurlaub-suedheide.de\">info@muehlenurlaub-suedheide.de<\/a><\/p>\n\n\n\n<pre class=\"wp-block-preformatted\">Datum: 03.10.2022&nbsp;\nUhrzeit: 10-16 Uhr\nAdresse: Windm\u00fchle 1, 29378 Wittingen - Ohrdorf&nbsp;<a href=\"https:\/\/goo.gl\/maps\/JYyEpq2Y6DAkAzTR9\">Adresse per Link<\/a>\n\n<\/pre>\n","protected":false},"excerpt":{"rendered":"<p>150 Jahre Ohrdorfer Windm\u00fchle Entspannen und Energie tanken im Turmholl\u00e4nder von 1867 Aktuelles Wir freuen uns auf die Aufnahme bei Bett + Bike &#8211; Ferienwohnung! Wir freuen uns FahrradsportlerInnen aufnehmen zu k\u00f6nnen. Besonders geeignet hierf\u00fcr ist die kleine Ferienwohnung bei der Windm\u00fchle und die neu hergerichtete alte M\u00fcllerswohnung. Werkzeug ist f\u00fcr kleinere Reparaturen vorhanden. Auf [&hellip;]<\/p>\n","protected":false},"author":1,"featured_media":0,"parent":0,"menu_order":0,"comment_status":"closed","ping_status":"open","template":"","meta":{"ngg_post_thumbnail":0,"footnotes":""},"class_list":["post-2","page","type-page","status-publish","hentry"],"_links":{"self":[{"href":"https:\/\/www.muehlenurlaub-suedheide.de\/index.php\/wp-json\/wp\/v2\/pages\/2","targetHints":{"allow":["GET"]}}],"collection":[{"href":"https:\/\/www.muehlenurlaub-suedheide.de\/index.php\/wp-json\/wp\/v2\/pages"}],"about":[{"href":"https:\/\/www.muehlenurlaub-suedheide.de\/index.php\/wp-json\/wp\/v2\/types\/page"}],"author":[{"embeddable":true,"href":"https:\/\/www.muehlenurlaub-suedheide.de\/index.php\/wp-json\/wp\/v2\/users\/1"}],"replies":[{"embeddable":true,"href":"https:\/\/www.muehlenurlaub-suedheide.de\/index.php\/wp-json\/wp\/v2\/comments?post=2"}],"version-history":[{"count":34,"href":"https:\/\/www.muehlenurlaub-suedheide.de\/index.php\/wp-json\/wp\/v2\/pages\/2\/revisions"}],"predecessor-version":[{"id":512,"href":"https:\/\/www.muehlenurlaub-suedheide.de\/index.php\/wp-json\/wp\/v2\/pages\/2\/revisions\/512"}],"wp:attachment":[{"href":"https:\/\/www.muehlenurlaub-suedheide.de\/index.php\/wp-json\/wp\/v2\/media?parent=2"}],"curies":[{"name":"wp","href":"https:\/\/api.w.org\/{rel}","templated":true}]}}