{"id":214,"date":"2022-04-12T10:47:20","date_gmt":"2022-04-12T08:47:20","guid":{"rendered":"https:\/\/www.muehlenurlaub-suedheide.de\/?page_id=214"},"modified":"2022-09-10T11:33:44","modified_gmt":"2022-09-10T09:33:44","slug":"garten","status":"publish","type":"page","link":"https:\/\/www.muehlenurlaub-suedheide.de\/index.php\/urlaub\/garten\/","title":{"rendered":"Garten"},"content":{"rendered":"\n<div class=\"wp-block-columns are-vertically-aligned-center is-layout-flex wp-container-core-columns-is-layout-9d6595d7 wp-block-columns-is-layout-flex\">\n<div class=\"wp-block-column is-vertically-aligned-center is-layout-flow wp-block-column-is-layout-flow\" style=\"flex-basis:100%\">\n<figure class=\"wp-block-image size-large\"><a href=\"https:\/\/www.muehlenurlaub-suedheide.de\/wp-content\/uploads\/2022\/09\/willkommen.jpg\"><img loading=\"lazy\" decoding=\"async\" width=\"1024\" height=\"577\" src=\"https:\/\/www.muehlenurlaub-suedheide.de\/wp-content\/uploads\/2022\/09\/willkommen-1024x577.jpg\" alt=\"Wittingen Ohrdorf Windm\u00fchle Willkommen\" class=\"wp-image-334\" srcset=\"https:\/\/www.muehlenurlaub-suedheide.de\/wp-content\/uploads\/2022\/09\/willkommen-1024x577.jpg 1024w, https:\/\/www.muehlenurlaub-suedheide.de\/wp-content\/uploads\/2022\/09\/willkommen-300x169.jpg 300w, https:\/\/www.muehlenurlaub-suedheide.de\/wp-content\/uploads\/2022\/09\/willkommen-768x433.jpg 768w, https:\/\/www.muehlenurlaub-suedheide.de\/wp-content\/uploads\/2022\/09\/willkommen-1536x866.jpg 1536w, https:\/\/www.muehlenurlaub-suedheide.de\/wp-content\/uploads\/2022\/09\/willkommen.jpg 1632w\" sizes=\"auto, (max-width: 1024px) 100vw, 1024px\" \/><\/a><figcaption>Wittingen Ohrdorf Windm\u00fchle Willkommen<\/figcaption><\/figure>\n<\/div>\n<\/div>\n\n\n\n<ul class=\"wp-block-list\"><li>Grill und Sitzecke<\/li><li>Sandkasten, Schaukel mit Kletterturm<\/li><li>gro\u00dfe Liegefl\u00e4chen<\/li><li>ca. 6-8 PKW Stellpl\u00e4tze<\/li><li>eingez\u00e4unt<\/li><\/ul>\n\n\n\n<figure class=\"wp-block-gallery has-nested-images columns-default is-cropped wp-block-gallery-1 is-layout-flex wp-block-gallery-is-layout-flex\">\n<figure class=\"wp-block-image size-large\"><a href=\"https:\/\/www.muehlenurlaub-suedheide.de\/wp-content\/uploads\/2022\/09\/muehle_schnee.jpg\"><img loading=\"lazy\" decoding=\"async\" width=\"920\" height=\"1632\" data-id=\"336\" src=\"https:\/\/www.muehlenurlaub-suedheide.de\/wp-content\/uploads\/2022\/09\/muehle_schnee.jpg\" alt=\"Wittingen Ohrdorf Windm\u00fchle Schnee\" class=\"wp-image-336\" srcset=\"https:\/\/www.muehlenurlaub-suedheide.de\/wp-content\/uploads\/2022\/09\/muehle_schnee.jpg 920w, https:\/\/www.muehlenurlaub-suedheide.de\/wp-content\/uploads\/2022\/09\/muehle_schnee-169x300.jpg 169w, https:\/\/www.muehlenurlaub-suedheide.de\/wp-content\/uploads\/2022\/09\/muehle_schnee-577x1024.jpg 577w, https:\/\/www.muehlenurlaub-suedheide.de\/wp-content\/uploads\/2022\/09\/muehle_schnee-768x1362.jpg 768w, https:\/\/www.muehlenurlaub-suedheide.de\/wp-content\/uploads\/2022\/09\/muehle_schnee-866x1536.jpg 866w\" sizes=\"auto, (max-width: 920px) 100vw, 920px\" \/><\/a><figcaption>Wittingen Ohrdorf Windm\u00fchle Schnee<\/figcaption><\/figure>\n\n\n\n<figure class=\"wp-block-image size-large\"><a href=\"https:\/\/www.muehlenurlaub-suedheide.de\/wp-content\/uploads\/2022\/09\/Grill-scaled.jpg\"><img loading=\"lazy\" decoding=\"async\" width=\"1920\" height=\"2560\" data-id=\"331\" src=\"https:\/\/www.muehlenurlaub-suedheide.de\/wp-content\/uploads\/2022\/09\/Grill-scaled.jpg\" alt=\"Wittingen Ohrdorf Windm\u00fchle Grill\" class=\"wp-image-331\" srcset=\"https:\/\/www.muehlenurlaub-suedheide.de\/wp-content\/uploads\/2022\/09\/Grill-scaled.jpg 1920w, https:\/\/www.muehlenurlaub-suedheide.de\/wp-content\/uploads\/2022\/09\/Grill-225x300.jpg 225w, https:\/\/www.muehlenurlaub-suedheide.de\/wp-content\/uploads\/2022\/09\/Grill-768x1024.jpg 768w, https:\/\/www.muehlenurlaub-suedheide.de\/wp-content\/uploads\/2022\/09\/Grill-1152x1536.jpg 1152w, https:\/\/www.muehlenurlaub-suedheide.de\/wp-content\/uploads\/2022\/09\/Grill-1536x2048.jpg 1536w\" sizes=\"auto, (max-width: 1920px) 100vw, 1920px\" \/><\/a><figcaption>Wittingen Ohrdorf Windm\u00fchle Grill<\/figcaption><\/figure>\n\n\n\n<figure class=\"wp-block-image size-large\"><a href=\"https:\/\/www.muehlenurlaub-suedheide.de\/wp-content\/uploads\/2022\/09\/Enten-scaled.jpg\"><img loading=\"lazy\" decoding=\"async\" width=\"1920\" height=\"2560\" data-id=\"332\" src=\"https:\/\/www.muehlenurlaub-suedheide.de\/wp-content\/uploads\/2022\/09\/Enten-scaled.jpg\" alt=\"Wittingen Ohrdorf Windm\u00fchle Enten\" class=\"wp-image-332\" srcset=\"https:\/\/www.muehlenurlaub-suedheide.de\/wp-content\/uploads\/2022\/09\/Enten-scaled.jpg 1920w, https:\/\/www.muehlenurlaub-suedheide.de\/wp-content\/uploads\/2022\/09\/Enten-225x300.jpg 225w, https:\/\/www.muehlenurlaub-suedheide.de\/wp-content\/uploads\/2022\/09\/Enten-768x1024.jpg 768w, https:\/\/www.muehlenurlaub-suedheide.de\/wp-content\/uploads\/2022\/09\/Enten-1152x1536.jpg 1152w, https:\/\/www.muehlenurlaub-suedheide.de\/wp-content\/uploads\/2022\/09\/Enten-1536x2048.jpg 1536w\" sizes=\"auto, (max-width: 1920px) 100vw, 1920px\" \/><\/a><figcaption>Wittingen Ohrdorf Windm\u00fchle Enten<\/figcaption><\/figure>\n<\/figure>\n\n\n\n<figure class=\"wp-block-gallery has-nested-images columns-default is-cropped wp-block-gallery-2 is-layout-flex wp-block-gallery-is-layout-flex\">\n<figure class=\"wp-block-image size-large\"><a href=\"https:\/\/www.muehlenurlaub-suedheide.de\/wp-content\/uploads\/2022\/04\/cache_140290.jpg@t1468731701.jpeg\"><img loading=\"lazy\" decoding=\"async\" width=\"448\" height=\"298\" data-id=\"221\" src=\"https:\/\/www.muehlenurlaub-suedheide.de\/wp-content\/uploads\/2022\/04\/cache_140290.jpg@t1468731701.jpeg\" alt=\"\" class=\"wp-image-221\" srcset=\"https:\/\/www.muehlenurlaub-suedheide.de\/wp-content\/uploads\/2022\/04\/cache_140290.jpg@t1468731701.jpeg 448w, https:\/\/www.muehlenurlaub-suedheide.de\/wp-content\/uploads\/2022\/04\/cache_140290.jpg@t1468731701-300x200.jpeg 300w\" sizes=\"auto, (max-width: 448px) 100vw, 448px\" \/><\/a><\/figure>\n\n\n\n<figure class=\"wp-block-image size-large\"><a href=\"https:\/\/www.muehlenurlaub-suedheide.de\/wp-content\/uploads\/2022\/04\/cache_140291.jpg@t1468731702.jpeg\"><img loading=\"lazy\" decoding=\"async\" width=\"448\" height=\"298\" data-id=\"220\" src=\"https:\/\/www.muehlenurlaub-suedheide.de\/wp-content\/uploads\/2022\/04\/cache_140291.jpg@t1468731702.jpeg\" alt=\"\" class=\"wp-image-220\" srcset=\"https:\/\/www.muehlenurlaub-suedheide.de\/wp-content\/uploads\/2022\/04\/cache_140291.jpg@t1468731702.jpeg 448w, https:\/\/www.muehlenurlaub-suedheide.de\/wp-content\/uploads\/2022\/04\/cache_140291.jpg@t1468731702-300x200.jpeg 300w\" sizes=\"auto, (max-width: 448px) 100vw, 448px\" \/><\/a><\/figure>\n\n\n\n<figure class=\"wp-block-image size-large\"><a href=\"https:\/\/www.muehlenurlaub-suedheide.de\/wp-content\/uploads\/2022\/04\/cache_140292.jpg@t1468731703.jpeg\"><img loading=\"lazy\" decoding=\"async\" width=\"448\" height=\"298\" data-id=\"219\" src=\"https:\/\/www.muehlenurlaub-suedheide.de\/wp-content\/uploads\/2022\/04\/cache_140292.jpg@t1468731703.jpeg\" alt=\"\" class=\"wp-image-219\" srcset=\"https:\/\/www.muehlenurlaub-suedheide.de\/wp-content\/uploads\/2022\/04\/cache_140292.jpg@t1468731703.jpeg 448w, https:\/\/www.muehlenurlaub-suedheide.de\/wp-content\/uploads\/2022\/04\/cache_140292.jpg@t1468731703-300x200.jpeg 300w\" sizes=\"auto, (max-width: 448px) 100vw, 448px\" \/><\/a><\/figure>\n\n\n\n<figure class=\"wp-block-image size-large\"><a href=\"https:\/\/www.muehlenurlaub-suedheide.de\/wp-content\/uploads\/2022\/04\/cache_140293.jpg@t1468731705.jpeg\"><img loading=\"lazy\" decoding=\"async\" width=\"448\" height=\"298\" data-id=\"222\" src=\"https:\/\/www.muehlenurlaub-suedheide.de\/wp-content\/uploads\/2022\/04\/cache_140293.jpg@t1468731705.jpeg\" alt=\"\" class=\"wp-image-222\" srcset=\"https:\/\/www.muehlenurlaub-suedheide.de\/wp-content\/uploads\/2022\/04\/cache_140293.jpg@t1468731705.jpeg 448w, https:\/\/www.muehlenurlaub-suedheide.de\/wp-content\/uploads\/2022\/04\/cache_140293.jpg@t1468731705-300x200.jpeg 300w\" sizes=\"auto, (max-width: 448px) 100vw, 448px\" \/><\/a><\/figure>\n\n\n\n<figure class=\"wp-block-image size-large\"><a href=\"https:\/\/www.muehlenurlaub-suedheide.de\/wp-content\/uploads\/2022\/04\/cache_140294.jpg@t1468731706.jpeg\"><img loading=\"lazy\" decoding=\"async\" width=\"298\" height=\"448\" data-id=\"223\" src=\"https:\/\/www.muehlenurlaub-suedheide.de\/wp-content\/uploads\/2022\/04\/cache_140294.jpg@t1468731706.jpeg\" alt=\"\" class=\"wp-image-223\" srcset=\"https:\/\/www.muehlenurlaub-suedheide.de\/wp-content\/uploads\/2022\/04\/cache_140294.jpg@t1468731706.jpeg 298w, https:\/\/www.muehlenurlaub-suedheide.de\/wp-content\/uploads\/2022\/04\/cache_140294.jpg@t1468731706-200x300.jpeg 200w\" sizes=\"auto, (max-width: 298px) 100vw, 298px\" \/><\/a><\/figure>\n<\/figure>\n","protected":false},"excerpt":{"rendered":"<p>Grill und Sitzecke Sandkasten, Schaukel mit Kletterturm gro\u00dfe Liegefl\u00e4chen ca. 6-8 PKW Stellpl\u00e4tze eingez\u00e4unt<\/p>\n","protected":false},"author":1,"featured_media":0,"parent":16,"menu_order":4,"comment_status":"closed","ping_status":"closed","template":"","meta":{"ngg_post_thumbnail":0,"footnotes":""},"class_list":["post-214","page","type-page","status-publish","hentry"],"_links":{"self":[{"href":"https:\/\/www.muehlenurlaub-suedheide.de\/index.php\/wp-json\/wp\/v2\/pages\/214","targetHints":{"allow":["GET"]}}],"collection":[{"href":"https:\/\/www.muehlenurlaub-suedheide.de\/index.php\/wp-json\/wp\/v2\/pages"}],"about":[{"href":"https:\/\/www.muehlenurlaub-suedheide.de\/index.php\/wp-json\/wp\/v2\/types\/page"}],"author":[{"embeddable":true,"href":"https:\/\/www.muehlenurlaub-suedheide.de\/index.php\/wp-json\/wp\/v2\/users\/1"}],"replies":[{"embeddable":true,"href":"https:\/\/www.muehlenurlaub-suedheide.de\/index.php\/wp-json\/wp\/v2\/comments?post=214"}],"version-history":[{"count":11,"href":"https:\/\/www.muehlenurlaub-suedheide.de\/index.php\/wp-json\/wp\/v2\/pages\/214\/revisions"}],"predecessor-version":[{"id":423,"href":"https:\/\/www.muehlenurlaub-suedheide.de\/index.php\/wp-json\/wp\/v2\/pages\/214\/revisions\/423"}],"up":[{"embeddable":true,"href":"https:\/\/www.muehlenurlaub-suedheide.de\/index.php\/wp-json\/wp\/v2\/pages\/16"}],"wp:attachment":[{"href":"https:\/\/www.muehlenurlaub-suedheide.de\/index.php\/wp-json\/wp\/v2\/media?parent=214"}],"curies":[{"name":"wp","href":"https:\/\/api.w.org\/{rel}","templated":true}]}}