{"id":22,"date":"2022-04-11T20:01:37","date_gmt":"2022-04-11T18:01:37","guid":{"rendered":"https:\/\/www.muehlenurlaub-suedheide.de\/?page_id=22"},"modified":"2022-09-10T12:06:20","modified_gmt":"2022-09-10T10:06:20","slug":"veranstaltungen","status":"publish","type":"page","link":"https:\/\/www.muehlenurlaub-suedheide.de\/index.php\/veranstaltungen\/","title":{"rendered":"Veranstaltungen"},"content":{"rendered":"\n<h3 class=\"wp-block-heading\"><strong><strong>T\u00fcren Auf f\u00fcr die Maus: 3. Oktober<\/strong>:<\/strong><\/h3>\n\n\n\n<figure class=\"wp-block-image size-full\"><a href=\"https:\/\/www.muehlenurlaub-suedheide.de\/wp-content\/uploads\/2022\/09\/1_Maus_Tueroeffnertag_2022_704.jpg\"><img loading=\"lazy\" decoding=\"async\" width=\"704\" height=\"396\" src=\"https:\/\/www.muehlenurlaub-suedheide.de\/wp-content\/uploads\/2022\/09\/1_Maus_Tueroeffnertag_2022_704.jpg\" alt=\"3. Oktober Maus Tuer\u00f6ffnertag 2022\" class=\"wp-image-305\" srcset=\"https:\/\/www.muehlenurlaub-suedheide.de\/wp-content\/uploads\/2022\/09\/1_Maus_Tueroeffnertag_2022_704.jpg 704w, https:\/\/www.muehlenurlaub-suedheide.de\/wp-content\/uploads\/2022\/09\/1_Maus_Tueroeffnertag_2022_704-300x169.jpg 300w\" sizes=\"auto, (max-width: 704px) 100vw, 704px\" \/><\/a><figcaption>3. Oktober Maus Tuer\u00f6ffnertag 2022<\/figcaption><\/figure>\n\n\n\n<p>Auch dieses Jahr \u00f6ffnet die Ohrdorfer Windm\u00fchle wieder Ihre T\u00fcren f\u00fcr kleine und gro\u00dfe Mausfans: Dieses Jahr zum Thema \u201eSpannende Verbindungen\u201c<\/p>\n\n\n\n<p>Bei gutem Wetter und Westwind mit Drehen der Fl\u00fcgel.<\/p>\n\n\n\n<p>Weitere Info auf der&nbsp;<a href=\"https:\/\/www.wdrmaus.de\/tuer_oeffner_tag\/2022\/index.php5?detail=722925\" target=\"_blank\" rel=\"noreferrer noopener\">Homepage<\/a>&nbsp;der Maus.<\/p>\n\n\n\n<p>Anmeldung per E-Mail erforderlich an die Adresse:\u00a0<a href=\"mailto:info@muehlenurlaub-suedheide.de\">info@muehlenurlaub-suedheide.de<\/a><\/p>\n\n\n\n<pre class=\"wp-block-preformatted\">Datum: 03.10.2022&nbsp;\nUhrzeit: 10-16 Uhr\nAdresse: Windm\u00fchle 1, 29378 Wittingen - Ohrdorf&nbsp;<a href=\"https:\/\/goo.gl\/maps\/JYyEpq2Y6DAkAzTR9\">Adresse per Link<\/a><\/pre>\n\n\n\n<h3 class=\"wp-block-heading\">Pfingstmontag ist M\u00fchlentag<\/h3>\n\n\n\n<p>Die Ohrdorfer Windm\u00fchle nimmt seit 2012 zum&nbsp;10ten Mal am M\u00fchlentag teil.<\/p>\n\n\n\n<pre class=\"wp-block-preformatted\">Datum: 06.06.2022&nbsp;\nUhrzeit: 10-16 Uhr\nAdresse: Windm\u00fchle 1, 29378 Wittingen - Ohrdorf&nbsp;<a href=\"https:\/\/goo.gl\/maps\/JYyEpq2Y6DAkAzTR9\">Adresse per Link<\/a><\/pre>\n\n\n\n<ol class=\"wp-block-list\"><li>F\u00fchrungen durch die M\u00fchle und durch das R\u00e4derwerk<\/li><li>Vorf\u00fchrung vom Weizenmahlstuhl und Schrotm\u00fchlen<\/li><li>Aufsegeln der Windm\u00fchle<\/li><li>bei geeignetem Wind drehen die Fl\u00fcgel<\/li><li>f\u00fcr das leibliche Wohl ist gesorgt<\/li><li>kindgerechte Stationen \u201evom Korn zum Mehl\u201c<\/li><\/ol>\n\n\n\n<p><\/p>\n\n\n\n<p>Weitere Informationen zum&nbsp;<a rel=\"noreferrer noopener\" href=\"http:\/\/www.muehlenland-niedersachsen.de\/index.php?id=42\" target=\"_blank\">M\u00fchlentag<\/a>&nbsp;in Niedersachsen.<\/p>\n\n\n\n<p>Seit 2015 drehten sich die neuen Fl\u00fcgel der Ohrdorfer Windm\u00fchle zum ersten Mal nach \u00fcber 50j\u00e4hrigem Stillstand wieder.<\/p>\n\n\n\n<figure class=\"wp-block-image size-full is-resized is-style-rounded\"><a href=\"https:\/\/www.muehlenurlaub-suedheide.de\/wp-content\/uploads\/2022\/04\/cache_141031.jpg@t1468741669.png\"><img loading=\"lazy\" decoding=\"async\" src=\"https:\/\/www.muehlenurlaub-suedheide.de\/wp-content\/uploads\/2022\/04\/cache_141031.jpg@t1468741669.png\" alt=\"\" class=\"wp-image-127\" width=\"838\" height=\"471\" srcset=\"https:\/\/www.muehlenurlaub-suedheide.de\/wp-content\/uploads\/2022\/04\/cache_141031.jpg@t1468741669.png 512w, https:\/\/www.muehlenurlaub-suedheide.de\/wp-content\/uploads\/2022\/04\/cache_141031.jpg@t1468741669-300x169.png 300w\" sizes=\"auto, (max-width: 838px) 100vw, 838px\" \/><\/a><\/figure>\n\n\n\n<p>Turmholl\u00e4nderm\u00fchle von 1867, urspr\u00fcnglich zwei Mahlg\u00e4nge und ein Kollergang und sowie Stert bzw. Doppelwindrose, zwei paar Segelfl\u00fcgel bzw. ein Paar Segelfl\u00fcgel und ein Paar Jalousiefl\u00fcgel. Die Windm\u00fchle hat seit Sommer 2015 neue Fl\u00fcgel bekommen \u2013 und ist nach \u00fcber 50 Jahren wieder windg\u00e4ngig. Das R\u00e4derwerk (Fl\u00fcgelwelle mit Kammrad, Bunkler mit K\u00f6nigswelle und eisernes Stirnrad) ist erhalten. Dient heute als Feriendomizil. Letzte erhaltene Windm\u00fchle im Wittinger Umland.<\/p>\n\n\n\n<p>Ab 10 Uhr F\u00fchrungen durch die M\u00fchle. Demonstration des Weizenmahlstuhls. Mehlmahlen und Spiele rund um die M\u00fchle f\u00fcr Kinder, sowie Bewirtung.<\/p>\n\n\n\n<figure class=\"wp-block-gallery has-nested-images columns-default is-cropped wp-block-gallery-1 is-layout-flex wp-block-gallery-is-layout-flex\">\n<figure class=\"wp-block-image size-large\"><a href=\"https:\/\/www.muehlenurlaub-suedheide.de\/wp-content\/uploads\/2022\/04\/cache_141026.jpg@t1468741629.png\"><img loading=\"lazy\" decoding=\"async\" width=\"448\" height=\"298\" data-id=\"128\" src=\"https:\/\/www.muehlenurlaub-suedheide.de\/wp-content\/uploads\/2022\/04\/cache_141026.jpg@t1468741629.png\" alt=\"\" class=\"wp-image-128\" srcset=\"https:\/\/www.muehlenurlaub-suedheide.de\/wp-content\/uploads\/2022\/04\/cache_141026.jpg@t1468741629.png 448w, https:\/\/www.muehlenurlaub-suedheide.de\/wp-content\/uploads\/2022\/04\/cache_141026.jpg@t1468741629-300x200.png 300w\" sizes=\"auto, (max-width: 448px) 100vw, 448px\" \/><\/a><\/figure>\n\n\n\n<figure class=\"wp-block-image size-large\"><a href=\"https:\/\/www.muehlenurlaub-suedheide.de\/wp-content\/uploads\/2022\/04\/cache_141053.JPG@t1468741819.png\"><img loading=\"lazy\" decoding=\"async\" width=\"446\" height=\"296\" data-id=\"129\" src=\"https:\/\/www.muehlenurlaub-suedheide.de\/wp-content\/uploads\/2022\/04\/cache_141053.JPG@t1468741819.png\" alt=\"\" class=\"wp-image-129\" srcset=\"https:\/\/www.muehlenurlaub-suedheide.de\/wp-content\/uploads\/2022\/04\/cache_141053.JPG@t1468741819.png 446w, https:\/\/www.muehlenurlaub-suedheide.de\/wp-content\/uploads\/2022\/04\/cache_141053.JPG@t1468741819-300x199.png 300w\" sizes=\"auto, (max-width: 446px) 100vw, 446px\" \/><\/a><\/figure>\n\n\n\n<figure class=\"wp-block-image size-large\"><a href=\"https:\/\/www.muehlenurlaub-suedheide.de\/wp-content\/uploads\/2022\/04\/cache_141074.JPG@t1468742275.png\"><img loading=\"lazy\" decoding=\"async\" width=\"446\" height=\"296\" data-id=\"132\" src=\"https:\/\/www.muehlenurlaub-suedheide.de\/wp-content\/uploads\/2022\/04\/cache_141074.JPG@t1468742275.png\" alt=\"\" class=\"wp-image-132\" srcset=\"https:\/\/www.muehlenurlaub-suedheide.de\/wp-content\/uploads\/2022\/04\/cache_141074.JPG@t1468742275.png 446w, https:\/\/www.muehlenurlaub-suedheide.de\/wp-content\/uploads\/2022\/04\/cache_141074.JPG@t1468742275-300x199.png 300w\" sizes=\"auto, (max-width: 446px) 100vw, 446px\" \/><\/a><\/figure>\n\n\n\n<figure class=\"wp-block-image size-large\"><a href=\"https:\/\/www.muehlenurlaub-suedheide.de\/wp-content\/uploads\/2022\/04\/cache_141103.JPG@t1468742340.png\"><img loading=\"lazy\" decoding=\"async\" width=\"446\" height=\"296\" data-id=\"131\" src=\"https:\/\/www.muehlenurlaub-suedheide.de\/wp-content\/uploads\/2022\/04\/cache_141103.JPG@t1468742340.png\" alt=\"\" class=\"wp-image-131\" srcset=\"https:\/\/www.muehlenurlaub-suedheide.de\/wp-content\/uploads\/2022\/04\/cache_141103.JPG@t1468742340.png 446w, https:\/\/www.muehlenurlaub-suedheide.de\/wp-content\/uploads\/2022\/04\/cache_141103.JPG@t1468742340-300x199.png 300w\" sizes=\"auto, (max-width: 446px) 100vw, 446px\" \/><\/a><\/figure>\n\n\n\n<figure class=\"wp-block-image size-large\"><a href=\"https:\/\/www.muehlenurlaub-suedheide.de\/wp-content\/uploads\/2022\/04\/cache_141112.JPG@t1468742400.png\"><img loading=\"lazy\" decoding=\"async\" width=\"446\" height=\"296\" data-id=\"130\" src=\"https:\/\/www.muehlenurlaub-suedheide.de\/wp-content\/uploads\/2022\/04\/cache_141112.JPG@t1468742400.png\" alt=\"\" class=\"wp-image-130\" srcset=\"https:\/\/www.muehlenurlaub-suedheide.de\/wp-content\/uploads\/2022\/04\/cache_141112.JPG@t1468742400.png 446w, https:\/\/www.muehlenurlaub-suedheide.de\/wp-content\/uploads\/2022\/04\/cache_141112.JPG@t1468742400-300x199.png 300w\" sizes=\"auto, (max-width: 446px) 100vw, 446px\" \/><\/a><\/figure>\n<\/figure>\n","protected":false},"excerpt":{"rendered":"<p>T\u00fcren Auf f\u00fcr die Maus: 3. Oktober: Auch dieses Jahr \u00f6ffnet die Ohrdorfer Windm\u00fchle wieder Ihre T\u00fcren f\u00fcr kleine und gro\u00dfe Mausfans: Dieses Jahr zum Thema \u201eSpannende Verbindungen\u201c Bei gutem Wetter und Westwind mit Drehen der Fl\u00fcgel. Weitere Info auf der&nbsp;Homepage&nbsp;der Maus. Anmeldung per E-Mail erforderlich an die Adresse:\u00a0info@muehlenurlaub-suedheide.de Datum: 03.10.2022&nbsp; Uhrzeit: 10-16 Uhr Adresse: [&hellip;]<\/p>\n","protected":false},"author":1,"featured_media":0,"parent":0,"menu_order":0,"comment_status":"closed","ping_status":"closed","template":"","meta":{"ngg_post_thumbnail":0,"footnotes":""},"class_list":["post-22","page","type-page","status-publish","hentry"],"_links":{"self":[{"href":"https:\/\/www.muehlenurlaub-suedheide.de\/index.php\/wp-json\/wp\/v2\/pages\/22","targetHints":{"allow":["GET"]}}],"collection":[{"href":"https:\/\/www.muehlenurlaub-suedheide.de\/index.php\/wp-json\/wp\/v2\/pages"}],"about":[{"href":"https:\/\/www.muehlenurlaub-suedheide.de\/index.php\/wp-json\/wp\/v2\/types\/page"}],"author":[{"embeddable":true,"href":"https:\/\/www.muehlenurlaub-suedheide.de\/index.php\/wp-json\/wp\/v2\/users\/1"}],"replies":[{"embeddable":true,"href":"https:\/\/www.muehlenurlaub-suedheide.de\/index.php\/wp-json\/wp\/v2\/comments?post=22"}],"version-history":[{"count":7,"href":"https:\/\/www.muehlenurlaub-suedheide.de\/index.php\/wp-json\/wp\/v2\/pages\/22\/revisions"}],"predecessor-version":[{"id":441,"href":"https:\/\/www.muehlenurlaub-suedheide.de\/index.php\/wp-json\/wp\/v2\/pages\/22\/revisions\/441"}],"wp:attachment":[{"href":"https:\/\/www.muehlenurlaub-suedheide.de\/index.php\/wp-json\/wp\/v2\/media?parent=22"}],"curies":[{"name":"wp","href":"https:\/\/api.w.org\/{rel}","templated":true}]}}