{"id":247,"date":"2022-04-12T10:56:50","date_gmt":"2022-04-12T08:56:50","guid":{"rendered":"https:\/\/www.muehlenurlaub-suedheide.de\/?page_id=247"},"modified":"2023-03-03T13:29:41","modified_gmt":"2023-03-03T12:29:41","slug":"buchen","status":"publish","type":"page","link":"https:\/\/www.muehlenurlaub-suedheide.de\/index.php\/urlaub\/buchen\/","title":{"rendered":"Buchen"},"content":{"rendered":"\n<h3 class=\"wp-block-heading\">Ferienwindm\u00fchle<\/h3>\n\n\n\n<ul class=\"wp-block-list\">\n<li>als besonderes Geschenk z.B. f\u00fcr runde Geburtstage oder silberne \/ goldene Hochzeiten<\/li>\n\n\n\n<li>Urlaub f\u00fcr M\u00fchleninteressiere<\/li>\n\n\n\n<li>Entspannungs- und Erholungsurlaub<\/li>\n\n\n\n<li>Urlaub mit Hund<\/li>\n\n\n\n<li>Feiern und Familienfeste<\/li>\n\n\n\n<li>Urlaub f\u00fcr RadsportlerInnen<\/li>\n<\/ul>\n\n\n\n<p><\/p>\n\n\n\n<h3 class=\"wp-block-heading\">Geschenkgutscheine \/ Angebote:<\/h3>\n\n\n\n<p><strong>NEU: F\u00fcr Fahrradfahrer:<\/strong><\/p>\n\n\n\n<p>z.B. 2 \u00dcbernachtungen in der kleinen Ferienwohnung f\u00fcr 2 Personen ab 160 EUR oder ab 200 EUR in der alten M\u00fcllerswohnung<\/p>\n\n\n\n<figure class=\"wp-block-image size-large\"><img loading=\"lazy\" decoding=\"async\" width=\"1024\" height=\"683\" src=\"https:\/\/www.muehlenurlaub-suedheide.de\/wp-content\/uploads\/2023\/03\/Radsport-1024x683.jpg\" alt=\"\" class=\"wp-image-492\" srcset=\"https:\/\/www.muehlenurlaub-suedheide.de\/wp-content\/uploads\/2023\/03\/Radsport-1024x683.jpg 1024w, https:\/\/www.muehlenurlaub-suedheide.de\/wp-content\/uploads\/2023\/03\/Radsport-300x200.jpg 300w, https:\/\/www.muehlenurlaub-suedheide.de\/wp-content\/uploads\/2023\/03\/Radsport-768x512.jpg 768w, https:\/\/www.muehlenurlaub-suedheide.de\/wp-content\/uploads\/2023\/03\/Radsport-1536x1024.jpg 1536w, https:\/\/www.muehlenurlaub-suedheide.de\/wp-content\/uploads\/2023\/03\/Radsport-2048x1365.jpg 2048w\" sizes=\"auto, (max-width: 1024px) 100vw, 1024px\" \/><figcaption class=\"wp-element-caption\">Couple of cyclists riding bicycles in meadow<\/figcaption><\/figure>\n\n\n\n<p>Ab 2024 f\u00fchrt ein Radweg direkt an der M\u00fchle vorbei. Derzeit beginnen die gut ausgebauten Radwege in kurzer Entfernung. Geheimtipps zum Radfahren sind z.B. Radwege entlang der naheliegenden innerdeutschen Grenze.<\/p>\n\n\n\n<p><\/p>\n\n\n\n<p>besonders beliebte Geschenkgutscheine f\u00fcr besondere Anl\u00e4sse: <\/p>\n\n\n\n<figure class=\"wp-block-image size-large\"><img loading=\"lazy\" decoding=\"async\" width=\"1024\" height=\"683\" src=\"https:\/\/www.muehlenurlaub-suedheide.de\/wp-content\/uploads\/2023\/03\/Geschenkgutscheinjpg-1024x683.jpg\" alt=\"\" class=\"wp-image-491\" srcset=\"https:\/\/www.muehlenurlaub-suedheide.de\/wp-content\/uploads\/2023\/03\/Geschenkgutscheinjpg-1024x683.jpg 1024w, https:\/\/www.muehlenurlaub-suedheide.de\/wp-content\/uploads\/2023\/03\/Geschenkgutscheinjpg-300x200.jpg 300w, https:\/\/www.muehlenurlaub-suedheide.de\/wp-content\/uploads\/2023\/03\/Geschenkgutscheinjpg-768x512.jpg 768w, https:\/\/www.muehlenurlaub-suedheide.de\/wp-content\/uploads\/2023\/03\/Geschenkgutscheinjpg-1536x1024.jpg 1536w, https:\/\/www.muehlenurlaub-suedheide.de\/wp-content\/uploads\/2023\/03\/Geschenkgutscheinjpg-2048x1365.jpg 2048w\" sizes=\"auto, (max-width: 1024px) 100vw, 1024px\" \/><figcaption class=\"wp-element-caption\">Geschenkgutschein<\/figcaption><\/figure>\n\n\n\n<p><strong>Windm\u00fchle: Wochenende f\u00fcr 2 Personen:<\/strong><\/p>\n\n\n\n<ul class=\"wp-block-list\">\n<li>2 \u00dcbernachtungen in der Turmholl\u00e4nder Windm\u00fchle von 1867<\/li>\n\n\n\n<li>Fr\u00fchst\u00fcckskorb<\/li>\n\n\n\n<li>Eintritt f\u00fcr das Internationale M\u00fchlenmuseum in Gifhorn<\/li>\n<\/ul>\n\n\n\n<p>Preis: 350 EUR&nbsp;<\/p>\n\n\n\n<p><strong>Windm\u00fchle: 4 N\u00e4chte Montag bis Freitag&nbsp;Spezial f\u00fcr 2 Personen:<\/strong><\/p>\n\n\n\n<ul class=\"wp-block-list\">\n<li>4&nbsp;\u00dcbernachtungen in der Turmholl\u00e4nder Windm\u00fchle von 1867<\/li>\n\n\n\n<li>incl. Br\u00f6tchenservice (Di-Fr, nach \u00d6ffnungszeiten der B\u00e4ckerei vor Ort)<\/li>\n<\/ul>\n\n\n\n<p>Preis:&nbsp;450 EUR<\/p>\n\n\n\n<p>(Preise jeweils incl. Bettw\u00e4sche, Handt\u00fccher, Nebenkosten, Endreinigung, 7% Umsatzsteuer)<\/p>\n\n\n\n<p>Weitere Angebote gerne auf Anfrage!<\/p>\n\n\n\n<p><\/p>\n\n\n\n<h3 class=\"wp-block-heading\">Buchungskalender<\/h3>\n\n\n\n<p><\/p>\n\n\n\n<p>Ist Ihr Wunschtermin noch frei?! Gerne k\u00f6nnen Sie \u00fcber ein Portal (wie Fewo) &#8211; oder ohne Umwege \u00fcber mich direkt buchen (ich ermittle ein individuelles Angebot f\u00fcr Sie)<\/p>\n\n\n\n<p>auch bei <a href=\"http:\/\/www.fewo-direkt.de\/ferienwohnung-ferienhaus\/p2010453\" data-type=\"URL\" data-id=\"http:\/\/www.fewo-direkt.de\/ferienwohnung-ferienhaus\/p2010453\" target=\"_blank\" rel=\"noreferrer noopener\">Belegungskalender Windm\u00fchle mit kleiner Ferienwohnung<\/a><\/p>\n\n\n\n<p>auch bei <a href=\"https:\/\/www.fewo-direkt.de\/ferienwohnung-ferienhaus\/p5091529?noDates=true&amp;uni_id=3643622\" target=\"_blank\" rel=\"noreferrer noopener\">Belegungskalender Windm\u00fchle<\/a><\/p>\n\n\n\n<p>auch bei <a href=\"https:\/\/www.fewo-direkt.de\/ferienwohnung-ferienhaus\/p5091504?noDates=true&amp;uni_id=3643598\" target=\"_blank\" rel=\"noreferrer noopener\">Belegungskalender Kleine Ferienwohnung<\/a><\/p>\n\n\n\n<p>auch bei <a href=\"https:\/\/www.fewo-direkt.de\/ferienwohnung-ferienhaus\/p5327173?arrival=2023-04-24&amp;departure=2023-04-28&amp;uni_id=3878008\" target=\"_blank\" rel=\"noreferrer noopener\">Belegungskalender alte M\u00fcllerswohnung<\/a><\/p>\n\n\n\n<h3 class=\"wp-block-heading\">Kontakt:<\/h3>\n\n\n\n<p>Prof. Dr.-Ing. Katja A. R\u00f6sler<\/p>\n\n\n\n<p>Tel: 0151 \/ 46531933<\/p>\n\n\n\n<p>Telefon: <a href=\"tel:\/\/004915146531933\">+49 151 \/ 46531933&nbsp;<\/a><\/p>\n\n\n\n<p>Mail: <a href=\"mailto:info@muehlenurlaub-suedheide.de\">info@muehlenurlaub-suedheide.de<\/a><\/p>\n\n\n\n<p><\/p>\n\n\n\n<h3 class=\"wp-block-heading\">Kontaktformular:<\/h3>\n\n\n\n<div class=\"wp-block-contact-form-7-contact-form-selector\"><div role=\"form\" class=\"wpcf7\" id=\"wpcf7-f152-o1\" lang=\"de-DE\" dir=\"ltr\">\n<div class=\"screen-reader-response\"><p role=\"status\" aria-live=\"polite\" aria-atomic=\"true\"><\/p> <ul><\/ul><\/div>\n<form action=\"\/index.php\/wp-json\/wp\/v2\/pages\/247#wpcf7-f152-o1\" method=\"post\" class=\"wpcf7-form init\" novalidate=\"novalidate\" data-status=\"init\">\n<div style=\"display: none;\">\n<input type=\"hidden\" name=\"_wpcf7\" value=\"152\" \/>\n<input type=\"hidden\" name=\"_wpcf7_version\" value=\"5.6.3\" \/>\n<input type=\"hidden\" name=\"_wpcf7_locale\" value=\"de_DE\" \/>\n<input type=\"hidden\" name=\"_wpcf7_unit_tag\" value=\"wpcf7-f152-o1\" \/>\n<input type=\"hidden\" name=\"_wpcf7_container_post\" value=\"0\" \/>\n<input type=\"hidden\" name=\"_wpcf7_posted_data_hash\" value=\"\" \/>\n<\/div>\n<p><label> Dein Name<br \/>\n    <span class=\"wpcf7-form-control-wrap\" data-name=\"your-name\"><input type=\"text\" name=\"your-name\" value=\"\" size=\"40\" class=\"wpcf7-form-control wpcf7-text wpcf7-validates-as-required\" aria-required=\"true\" aria-invalid=\"false\" \/><\/span> <\/label><\/p>\n<p><label> Deine E-Mail-Adresse<br \/>\n    <span class=\"wpcf7-form-control-wrap\" data-name=\"your-email\"><input type=\"email\" name=\"your-email\" value=\"\" size=\"40\" class=\"wpcf7-form-control wpcf7-text wpcf7-email wpcf7-validates-as-required wpcf7-validates-as-email\" aria-required=\"true\" aria-invalid=\"false\" \/><\/span> <\/label><\/p>\n<p><label> Betreff<br \/>\n    <span class=\"wpcf7-form-control-wrap\" data-name=\"your-subject\"><input type=\"text\" name=\"your-subject\" value=\"\" size=\"40\" class=\"wpcf7-form-control wpcf7-text wpcf7-validates-as-required\" aria-required=\"true\" aria-invalid=\"false\" \/><\/span> <\/label><\/p>\n<p><label> Deine Nachricht (optional)<br \/>\n    <span class=\"wpcf7-form-control-wrap\" data-name=\"your-message\"><textarea name=\"your-message\" cols=\"40\" rows=\"10\" class=\"wpcf7-form-control wpcf7-textarea\" aria-invalid=\"false\"><\/textarea><\/span> <\/label><br \/>\n<label><br \/>\nGebe diesen Code ein:<input type=\"hidden\" name=\"_wpcf7_captcha_challenge_captcha-2\" value=\"3906475376\" \/><img loading=\"lazy\" decoding=\"async\" class=\"wpcf7-form-control wpcf7-captchac wpcf7-captcha-captcha-2\" width=\"72\" height=\"24\" alt=\"captcha\" src=\"https:\/\/www.muehlenurlaub-suedheide.de\/wp-content\/uploads\/wpcf7_captcha\/3906475376.png\" \/> <span class=\"wpcf7-form-control-wrap\" data-name=\"captcha-2\"><input type=\"text\" name=\"captcha-2\" value=\"\" size=\"40\" class=\"wpcf7-form-control wpcf7-captchar\" autocomplete=\"off\" aria-invalid=\"false\" \/><\/span><br \/>\n<\/label><br \/>\n<input type=\"submit\" value=\"Senden\" class=\"wpcf7-form-control has-spinner wpcf7-submit\" \/><\/p>\n<div class=\"wpcf7-response-output\" aria-hidden=\"true\"><\/div><\/form><\/div><\/div>\n","protected":false},"excerpt":{"rendered":"<p>Ferienwindm\u00fchle Geschenkgutscheine \/ Angebote: NEU: F\u00fcr Fahrradfahrer: z.B. 2 \u00dcbernachtungen in der kleinen Ferienwohnung f\u00fcr 2 Personen ab 160 EUR oder ab 200 EUR in der alten M\u00fcllerswohnung Ab 2024 f\u00fchrt ein Radweg direkt an der M\u00fchle vorbei. Derzeit beginnen die gut ausgebauten Radwege in kurzer Entfernung. Geheimtipps zum Radfahren sind z.B. Radwege entlang der [&hellip;]<\/p>\n","protected":false},"author":1,"featured_media":0,"parent":16,"menu_order":8,"comment_status":"closed","ping_status":"closed","template":"","meta":{"ngg_post_thumbnail":0,"footnotes":""},"class_list":["post-247","page","type-page","status-publish","hentry"],"_links":{"self":[{"href":"https:\/\/www.muehlenurlaub-suedheide.de\/index.php\/wp-json\/wp\/v2\/pages\/247","targetHints":{"allow":["GET"]}}],"collection":[{"href":"https:\/\/www.muehlenurlaub-suedheide.de\/index.php\/wp-json\/wp\/v2\/pages"}],"about":[{"href":"https:\/\/www.muehlenurlaub-suedheide.de\/index.php\/wp-json\/wp\/v2\/types\/page"}],"author":[{"embeddable":true,"href":"https:\/\/www.muehlenurlaub-suedheide.de\/index.php\/wp-json\/wp\/v2\/users\/1"}],"replies":[{"embeddable":true,"href":"https:\/\/www.muehlenurlaub-suedheide.de\/index.php\/wp-json\/wp\/v2\/comments?post=247"}],"version-history":[{"count":9,"href":"https:\/\/www.muehlenurlaub-suedheide.de\/index.php\/wp-json\/wp\/v2\/pages\/247\/revisions"}],"predecessor-version":[{"id":499,"href":"https:\/\/www.muehlenurlaub-suedheide.de\/index.php\/wp-json\/wp\/v2\/pages\/247\/revisions\/499"}],"up":[{"embeddable":true,"href":"https:\/\/www.muehlenurlaub-suedheide.de\/index.php\/wp-json\/wp\/v2\/pages\/16"}],"wp:attachment":[{"href":"https:\/\/www.muehlenurlaub-suedheide.de\/index.php\/wp-json\/wp\/v2\/media?parent=247"}],"curies":[{"name":"wp","href":"https:\/\/api.w.org\/{rel}","templated":true}]}}