{"id":257,"date":"2022-04-13T10:42:07","date_gmt":"2022-04-13T08:42:07","guid":{"rendered":"https:\/\/www.muehlenurlaub-suedheide.de\/?page_id=257"},"modified":"2023-03-03T13:31:49","modified_gmt":"2023-03-03T12:31:49","slug":"kleine-ferienwohnung","status":"publish","type":"page","link":"https:\/\/www.muehlenurlaub-suedheide.de\/index.php\/kleine-ferienwohnung\/","title":{"rendered":"Kleine Ferienwohnung"},"content":{"rendered":"\n<p>Kleine Ferienwohnung f\u00fcr zwei bis maximal drei Personen auf ca. 35qm. Direkt an der M\u00fchle angrenzend kann die kleine Ferienwohnung bei Bedarf f\u00fcr gr\u00f6\u00dfere Gruppen direkt mit der M\u00fchle zusammen gelegt werden.<\/p>\n\n\n\n<figure class=\"wp-block-image size-full is-resized\"><img loading=\"lazy\" decoding=\"async\" src=\"https:\/\/www.muehlenurlaub-suedheide.de\/wp-content\/uploads\/2023\/03\/images.png\" alt=\"\" class=\"wp-image-468\" width=\"834\" height=\"335\" srcset=\"https:\/\/www.muehlenurlaub-suedheide.de\/wp-content\/uploads\/2023\/03\/images.png 354w, https:\/\/www.muehlenurlaub-suedheide.de\/wp-content\/uploads\/2023\/03\/images-300x120.png 300w\" sizes=\"auto, (max-width: 834px) 100vw, 834px\" \/><\/figure>\n\n\n\n<p>Eigenst\u00e4ndig eignet sich die kleine Ferienwohnung hervorragend f\u00fcr den kurzen Aufenthalt f\u00fcr Fahrrad- und Motorradg\u00e4ste. Eine Abstellm\u00f6glichkeit f\u00fcr Bikes besteht in der Garage. Auch eine Grundausstattung an Werkzeug ist vorhanden. Auf Wunsch k\u00f6nnen auch Leihr\u00e4der vermittelt werden &#8211; oder sogar individuelle Fahrradtouren vermittelt werden. Sprechen Sie uns gerne an!<\/p>\n\n\n\n<figure class=\"wp-block-image size-large\"><img loading=\"lazy\" decoding=\"async\" width=\"1024\" height=\"683\" src=\"https:\/\/www.muehlenurlaub-suedheide.de\/wp-content\/uploads\/2023\/03\/Depositphotos_126064474_XL-1024x683.jpg\" alt=\"\" class=\"wp-image-472\" srcset=\"https:\/\/www.muehlenurlaub-suedheide.de\/wp-content\/uploads\/2023\/03\/Depositphotos_126064474_XL-1024x683.jpg 1024w, https:\/\/www.muehlenurlaub-suedheide.de\/wp-content\/uploads\/2023\/03\/Depositphotos_126064474_XL-300x200.jpg 300w, https:\/\/www.muehlenurlaub-suedheide.de\/wp-content\/uploads\/2023\/03\/Depositphotos_126064474_XL-768x513.jpg 768w, https:\/\/www.muehlenurlaub-suedheide.de\/wp-content\/uploads\/2023\/03\/Depositphotos_126064474_XL-1536x1025.jpg 1536w, https:\/\/www.muehlenurlaub-suedheide.de\/wp-content\/uploads\/2023\/03\/Depositphotos_126064474_XL-2048x1367.jpg 2048w\" sizes=\"auto, (max-width: 1024px) 100vw, 1024px\" \/><\/figure>\n\n\n\n<p>Sonnenaufg\u00e4nge sind aus der kleinen Ferienwohnung besonders gut zu beobachten!<\/p>\n\n\n\n<figure class=\"wp-block-image size-large\"><img loading=\"lazy\" decoding=\"async\" width=\"1024\" height=\"768\" src=\"https:\/\/www.muehlenurlaub-suedheide.de\/wp-content\/uploads\/2023\/03\/IMG_5926-1024x768.jpeg\" alt=\"\" class=\"wp-image-462\" srcset=\"https:\/\/www.muehlenurlaub-suedheide.de\/wp-content\/uploads\/2023\/03\/IMG_5926-1024x768.jpeg 1024w, https:\/\/www.muehlenurlaub-suedheide.de\/wp-content\/uploads\/2023\/03\/IMG_5926-300x225.jpeg 300w, https:\/\/www.muehlenurlaub-suedheide.de\/wp-content\/uploads\/2023\/03\/IMG_5926-768x576.jpeg 768w, https:\/\/www.muehlenurlaub-suedheide.de\/wp-content\/uploads\/2023\/03\/IMG_5926-1536x1152.jpeg 1536w, https:\/\/www.muehlenurlaub-suedheide.de\/wp-content\/uploads\/2023\/03\/IMG_5926-2048x1536.jpeg 2048w\" sizes=\"auto, (max-width: 1024px) 100vw, 1024px\" \/><figcaption class=\"wp-element-caption\">Sonnenaufgang aus der kleinen Ferienwohnung<\/figcaption><\/figure>\n\n\n\n<p>Die kleine Ferienwohnung besteht aus einem Schlafzimmer mit Doppelbett f\u00fcr 2 Personen. <\/p>\n\n\n\n<figure class=\"wp-block-image size-large\"><img loading=\"lazy\" decoding=\"async\" width=\"1024\" height=\"768\" src=\"https:\/\/www.muehlenurlaub-suedheide.de\/wp-content\/uploads\/2023\/03\/Wohnung_Schlafen-1024x768.jpg\" alt=\"\" class=\"wp-image-463\" srcset=\"https:\/\/www.muehlenurlaub-suedheide.de\/wp-content\/uploads\/2023\/03\/Wohnung_Schlafen-1024x768.jpg 1024w, https:\/\/www.muehlenurlaub-suedheide.de\/wp-content\/uploads\/2023\/03\/Wohnung_Schlafen-300x225.jpg 300w, https:\/\/www.muehlenurlaub-suedheide.de\/wp-content\/uploads\/2023\/03\/Wohnung_Schlafen-768x576.jpg 768w, https:\/\/www.muehlenurlaub-suedheide.de\/wp-content\/uploads\/2023\/03\/Wohnung_Schlafen-1536x1152.jpg 1536w, https:\/\/www.muehlenurlaub-suedheide.de\/wp-content\/uploads\/2023\/03\/Wohnung_Schlafen-2048x1536.jpg 2048w\" sizes=\"auto, (max-width: 1024px) 100vw, 1024px\" \/><\/figure>\n\n\n\n<p>Im Wohnesszimmer befindet sich ein Schlafsofa, auf welchem eine weitere Person Platz nehmen kann. <\/p>\n\n\n\n<figure class=\"wp-block-image size-large\"><img loading=\"lazy\" decoding=\"async\" width=\"1024\" height=\"768\" src=\"https:\/\/www.muehlenurlaub-suedheide.de\/wp-content\/uploads\/2023\/03\/Wohnung_Wohnen-1024x768.jpg\" alt=\"\" class=\"wp-image-464\" srcset=\"https:\/\/www.muehlenurlaub-suedheide.de\/wp-content\/uploads\/2023\/03\/Wohnung_Wohnen-1024x768.jpg 1024w, https:\/\/www.muehlenurlaub-suedheide.de\/wp-content\/uploads\/2023\/03\/Wohnung_Wohnen-300x225.jpg 300w, https:\/\/www.muehlenurlaub-suedheide.de\/wp-content\/uploads\/2023\/03\/Wohnung_Wohnen-768x576.jpg 768w, https:\/\/www.muehlenurlaub-suedheide.de\/wp-content\/uploads\/2023\/03\/Wohnung_Wohnen-1536x1152.jpg 1536w, https:\/\/www.muehlenurlaub-suedheide.de\/wp-content\/uploads\/2023\/03\/Wohnung_Wohnen-2048x1536.jpg 2048w\" sizes=\"auto, (max-width: 1024px) 100vw, 1024px\" \/><\/figure>\n\n\n\n<p>Das Badezimmer verf\u00fcgt \u00fcber eine Badewanne.<\/p>\n\n\n\n<p> <\/p>\n\n\n\n<figure class=\"wp-block-gallery has-nested-images columns-default is-cropped wp-block-gallery-1 is-layout-flex wp-block-gallery-is-layout-flex\">\n<figure class=\"wp-block-image size-large\"><a href=\"https:\/\/www.muehlenurlaub-suedheide.de\/wp-content\/uploads\/2022\/09\/Wohnung_Bad.jpg\"><img loading=\"lazy\" decoding=\"async\" width=\"426\" height=\"640\" data-id=\"327\" src=\"https:\/\/www.muehlenurlaub-suedheide.de\/wp-content\/uploads\/2022\/09\/Wohnung_Bad.jpg\" alt=\"\" class=\"wp-image-327\" srcset=\"https:\/\/www.muehlenurlaub-suedheide.de\/wp-content\/uploads\/2022\/09\/Wohnung_Bad.jpg 426w, https:\/\/www.muehlenurlaub-suedheide.de\/wp-content\/uploads\/2022\/09\/Wohnung_Bad-200x300.jpg 200w\" sizes=\"auto, (max-width: 426px) 100vw, 426px\" \/><\/a><figcaption class=\"wp-element-caption\">Badezimmer mit Badewanne.<\/figcaption><\/figure>\n<\/figure>\n\n\n\n<hr class=\"wp-block-separator has-alpha-channel-opacity\"\/>\n\n\n\n<figure class=\"wp-block-image size-large\"><img loading=\"lazy\" decoding=\"async\" width=\"1332\" height=\"1592\" src=\"https:\/\/www.muehlenurlaub-suedheide.de\/wp-content\/uploads\/2023\/03\/IMG_7962-1-edited.jpeg\" alt=\"\" class=\"wp-image-466\" srcset=\"https:\/\/www.muehlenurlaub-suedheide.de\/wp-content\/uploads\/2023\/03\/IMG_7962-1-edited.jpeg 1332w, https:\/\/www.muehlenurlaub-suedheide.de\/wp-content\/uploads\/2023\/03\/IMG_7962-1-edited-251x300.jpeg 251w, https:\/\/www.muehlenurlaub-suedheide.de\/wp-content\/uploads\/2023\/03\/IMG_7962-1-edited-857x1024.jpeg 857w, https:\/\/www.muehlenurlaub-suedheide.de\/wp-content\/uploads\/2023\/03\/IMG_7962-1-edited-768x918.jpeg 768w, https:\/\/www.muehlenurlaub-suedheide.de\/wp-content\/uploads\/2023\/03\/IMG_7962-1-edited-1285x1536.jpeg 1285w\" sizes=\"auto, (max-width: 1332px) 100vw, 1332px\" \/><\/figure>\n\n\n\n\n\n<div class=\"ngg-galleryoverview ngg-slideshow\"\n\t id=\"ngg-slideshow-3f5726099d5d3b73e501b299365d5722-1858616140\"\n     data-gallery-id=\"3f5726099d5d3b73e501b299365d5722\"\n     style=\"max-width: 750px; max-height: 500px;\">\n\n \t<div id=\"ngg-image-0\" class=\"ngg-gallery-slideshow-image\" style=\"height:500px\">\n\n        <a href=\"https:\/\/www.muehlenurlaub-suedheide.de\/wp-content\/gallery\/kleine-ferienwohnung\/Kueche_FeWo_3.jpeg\"\n           title=\"\"\n           data-src=\"https:\/\/www.muehlenurlaub-suedheide.de\/wp-content\/gallery\/kleine-ferienwohnung\/Kueche_FeWo_3.jpeg\"\n           data-thumbnail=\"https:\/\/www.muehlenurlaub-suedheide.de\/wp-content\/gallery\/kleine-ferienwohnung\/thumbs\/thumbs_Kueche_FeWo_3.jpeg\"\n           data-image-id=\"9\"\n           data-title=\"Kueche_FeWo_3\"\n           data-description=\"\"\n           class=\"ngg-simplelightbox\" rel=\"3f5726099d5d3b73e501b299365d5722\">\n\n            <img data-image-id='9'\n                 title=\"\"\n                 alt=\"Kueche_FeWo_3\"\n                 src=\"https:\/\/www.muehlenurlaub-suedheide.de\/wp-content\/gallery\/kleine-ferienwohnung\/Kueche_FeWo_3.jpeg\"\n                 style=\"max-height: 480px;\"\/>\n        <\/a>\n\n        <\/div> \n<div id=\"ngg-image-1\" class=\"ngg-gallery-slideshow-image\" style=\"height:500px\">\n\n        <a href=\"https:\/\/www.muehlenurlaub-suedheide.de\/wp-content\/gallery\/kleine-ferienwohnung\/Kueche_FeWo_1.jpeg\"\n           title=\"\"\n           data-src=\"https:\/\/www.muehlenurlaub-suedheide.de\/wp-content\/gallery\/kleine-ferienwohnung\/Kueche_FeWo_1.jpeg\"\n           data-thumbnail=\"https:\/\/www.muehlenurlaub-suedheide.de\/wp-content\/gallery\/kleine-ferienwohnung\/thumbs\/thumbs_Kueche_FeWo_1.jpeg\"\n           data-image-id=\"10\"\n           data-title=\"Kueche_FeWo_1\"\n           data-description=\"\"\n           class=\"ngg-simplelightbox\" rel=\"3f5726099d5d3b73e501b299365d5722\">\n\n            <img data-image-id='10'\n                 title=\"\"\n                 alt=\"Kueche_FeWo_1\"\n                 src=\"https:\/\/www.muehlenurlaub-suedheide.de\/wp-content\/gallery\/kleine-ferienwohnung\/Kueche_FeWo_1.jpeg\"\n                 style=\"max-height: 480px;\"\/>\n        <\/a>\n\n        <\/div> \n<\/div>\n\n\n\n\n\n\n\n<h3 class=\"wp-block-heading\">Buchungskalender<\/h3>\n\n\n\n<p><\/p>\n\n\n\n<p>Ist Ihr Wunschtermin noch frei?! Gerne k\u00f6nnen Sie \u00fcber ein Portal (wie Fewo) &#8211; oder ohne Umwege \u00fcber mich direkt buchen (ich ermittle ein individuelles Angebot f\u00fcr Sie)<\/p>\n\n\n\n<p>auch bei <a href=\"http:\/\/www.fewo-direkt.de\/ferienwohnung-ferienhaus\/p2010453\" data-type=\"URL\" data-id=\"http:\/\/www.fewo-direkt.de\/ferienwohnung-ferienhaus\/p2010453\" target=\"_blank\" rel=\"noreferrer noopener\">Belegungskalender Windm\u00fchle mit kleiner Ferienwohnung<\/a><\/p>\n\n\n\n<p>auch bei <a href=\"https:\/\/www.fewo-direkt.de\/ferienwohnung-ferienhaus\/p5091529?noDates=true&amp;uni_id=3643622\" target=\"_blank\" rel=\"noreferrer noopener\">Belegungskalender Windm\u00fchle<\/a><\/p>\n\n\n\n<p>auch bei <a href=\"https:\/\/www.fewo-direkt.de\/ferienwohnung-ferienhaus\/p5091504?noDates=true&amp;uni_id=3643598\" target=\"_blank\" rel=\"noreferrer noopener\">Belegungskalender Kleine Ferienwohnung<\/a><\/p>\n\n\n\n<p>auch bei <a href=\"https:\/\/www.fewo-direkt.de\/ferienwohnung-ferienhaus\/p5327173?arrival=2023-04-24&amp;departure=2023-04-28&amp;uni_id=3878008\" target=\"_blank\" rel=\"noreferrer noopener\">Belegungskalender alte M\u00fcllerswohnung<\/a><\/p>\n\n\n\n<h3 class=\"wp-block-heading\">Kontakt:<\/h3>\n\n\n\n<p>Prof. Dr.-Ing. Katja A. R\u00f6sler<\/p>\n\n\n\n<p>Tel: 0151 \/ 46531933<\/p>\n\n\n\n<p>Telefon: <a href=\"tel:\/\/004915146531933\">+49 151 \/ 46531933&nbsp;<\/a><\/p>\n\n\n\n<p>Mail: <a href=\"mailto:info@muehlenurlaub-suedheide.de\">info@muehlenurlaub-suedheide.de<\/a><\/p>\n\n\n\n<p><\/p>\n\n\n\n<h3 class=\"wp-block-heading\">Kontaktformular:<\/h3>\n\n\n\n<div class=\"wp-block-contact-form-7-contact-form-selector\"><div role=\"form\" class=\"wpcf7\" id=\"wpcf7-f152-o1\" lang=\"de-DE\" dir=\"ltr\">\n<div class=\"screen-reader-response\"><p role=\"status\" aria-live=\"polite\" aria-atomic=\"true\"><\/p> <ul><\/ul><\/div>\n<form action=\"\/index.php\/wp-json\/wp\/v2\/pages\/257#wpcf7-f152-o1\" method=\"post\" class=\"wpcf7-form init\" novalidate=\"novalidate\" data-status=\"init\">\n<div style=\"display: none;\">\n<input type=\"hidden\" name=\"_wpcf7\" value=\"152\" \/>\n<input type=\"hidden\" name=\"_wpcf7_version\" value=\"5.6.3\" \/>\n<input type=\"hidden\" name=\"_wpcf7_locale\" value=\"de_DE\" \/>\n<input type=\"hidden\" name=\"_wpcf7_unit_tag\" value=\"wpcf7-f152-o1\" \/>\n<input type=\"hidden\" name=\"_wpcf7_container_post\" value=\"0\" \/>\n<input type=\"hidden\" name=\"_wpcf7_posted_data_hash\" value=\"\" \/>\n<\/div>\n<p><label> Dein Name<br \/>\n    <span class=\"wpcf7-form-control-wrap\" data-name=\"your-name\"><input type=\"text\" name=\"your-name\" value=\"\" size=\"40\" class=\"wpcf7-form-control wpcf7-text wpcf7-validates-as-required\" aria-required=\"true\" aria-invalid=\"false\" \/><\/span> <\/label><\/p>\n<p><label> Deine E-Mail-Adresse<br \/>\n    <span class=\"wpcf7-form-control-wrap\" data-name=\"your-email\"><input type=\"email\" name=\"your-email\" value=\"\" size=\"40\" class=\"wpcf7-form-control wpcf7-text wpcf7-email wpcf7-validates-as-required wpcf7-validates-as-email\" aria-required=\"true\" aria-invalid=\"false\" \/><\/span> <\/label><\/p>\n<p><label> Betreff<br \/>\n    <span class=\"wpcf7-form-control-wrap\" data-name=\"your-subject\"><input type=\"text\" name=\"your-subject\" value=\"\" size=\"40\" class=\"wpcf7-form-control wpcf7-text wpcf7-validates-as-required\" aria-required=\"true\" aria-invalid=\"false\" \/><\/span> <\/label><\/p>\n<p><label> Deine Nachricht (optional)<br \/>\n    <span class=\"wpcf7-form-control-wrap\" data-name=\"your-message\"><textarea name=\"your-message\" cols=\"40\" rows=\"10\" class=\"wpcf7-form-control wpcf7-textarea\" aria-invalid=\"false\"><\/textarea><\/span> <\/label><br \/>\n<label><br \/>\nGebe diesen Code ein:<input type=\"hidden\" name=\"_wpcf7_captcha_challenge_captcha-2\" value=\"1005915066\" \/><img loading=\"lazy\" decoding=\"async\" class=\"wpcf7-form-control wpcf7-captchac wpcf7-captcha-captcha-2\" width=\"72\" height=\"24\" alt=\"captcha\" src=\"https:\/\/www.muehlenurlaub-suedheide.de\/wp-content\/uploads\/wpcf7_captcha\/1005915066.png\" \/> <span class=\"wpcf7-form-control-wrap\" data-name=\"captcha-2\"><input type=\"text\" name=\"captcha-2\" value=\"\" size=\"40\" class=\"wpcf7-form-control wpcf7-captchar\" autocomplete=\"off\" aria-invalid=\"false\" \/><\/span><br \/>\n<\/label><br \/>\n<input type=\"submit\" value=\"Senden\" class=\"wpcf7-form-control has-spinner wpcf7-submit\" \/><\/p>\n<div class=\"wpcf7-response-output\" aria-hidden=\"true\"><\/div><\/form><\/div><\/div>\n","protected":false},"excerpt":{"rendered":"<p>Kleine Ferienwohnung f\u00fcr zwei bis maximal drei Personen auf ca. 35qm. Direkt an der M\u00fchle angrenzend kann die kleine Ferienwohnung bei Bedarf f\u00fcr gr\u00f6\u00dfere Gruppen direkt mit der M\u00fchle zusammen gelegt werden. Eigenst\u00e4ndig eignet sich die kleine Ferienwohnung hervorragend f\u00fcr den kurzen Aufenthalt f\u00fcr Fahrrad- und Motorradg\u00e4ste. Eine Abstellm\u00f6glichkeit f\u00fcr Bikes besteht in der Garage. [&hellip;]<\/p>\n","protected":false},"author":1,"featured_media":0,"parent":0,"menu_order":0,"comment_status":"closed","ping_status":"closed","template":"","meta":{"ngg_post_thumbnail":0,"footnotes":""},"class_list":["post-257","page","type-page","status-publish","hentry"],"_links":{"self":[{"href":"https:\/\/www.muehlenurlaub-suedheide.de\/index.php\/wp-json\/wp\/v2\/pages\/257","targetHints":{"allow":["GET"]}}],"collection":[{"href":"https:\/\/www.muehlenurlaub-suedheide.de\/index.php\/wp-json\/wp\/v2\/pages"}],"about":[{"href":"https:\/\/www.muehlenurlaub-suedheide.de\/index.php\/wp-json\/wp\/v2\/types\/page"}],"author":[{"embeddable":true,"href":"https:\/\/www.muehlenurlaub-suedheide.de\/index.php\/wp-json\/wp\/v2\/users\/1"}],"replies":[{"embeddable":true,"href":"https:\/\/www.muehlenurlaub-suedheide.de\/index.php\/wp-json\/wp\/v2\/comments?post=257"}],"version-history":[{"count":22,"href":"https:\/\/www.muehlenurlaub-suedheide.de\/index.php\/wp-json\/wp\/v2\/pages\/257\/revisions"}],"predecessor-version":[{"id":504,"href":"https:\/\/www.muehlenurlaub-suedheide.de\/index.php\/wp-json\/wp\/v2\/pages\/257\/revisions\/504"}],"wp:attachment":[{"href":"https:\/\/www.muehlenurlaub-suedheide.de\/index.php\/wp-json\/wp\/v2\/media?parent=257"}],"curies":[{"name":"wp","href":"https:\/\/api.w.org\/{rel}","templated":true}]}}