{"id":320,"date":"2022-09-05T20:55:18","date_gmt":"2022-09-05T18:55:18","guid":{"rendered":"https:\/\/www.muehlenurlaub-suedheide.de\/?page_id=320"},"modified":"2023-03-03T13:30:49","modified_gmt":"2023-03-03T12:30:49","slug":"alter-muellerswohnung","status":"publish","type":"page","link":"https:\/\/www.muehlenurlaub-suedheide.de\/index.php\/alter-muellerswohnung\/","title":{"rendered":"Alte M\u00fcllerswohnung"},"content":{"rendered":"\n<p>Die Coronapause wurde dazu genutzt, die alte M\u00fcllerswohnung komplett zu sanieren. 40 m2 Wohnraum wurden entkernt und komplett neu aufgebaut. Das besondere an dieser Wohnung ist der unbeschreibliche Ausblick nach 4 Seiten. So kann der Sonnenaufgang, der Sonnenuntergang direkt vom Bett aus betrachtet werden. Die Wohnung ist mit Doppelbett ausgestattet und eignet sich f\u00fcr 3 Personen Evt. mit Kind auf Schlafsofa.<\/p>\n\n\n\n<figure class=\"wp-block-image size-large\"><img loading=\"lazy\" decoding=\"async\" width=\"1024\" height=\"768\" src=\"https:\/\/www.muehlenurlaub-suedheide.de\/wp-content\/uploads\/2023\/03\/1CD89C52-B4AA-466D-9982-2E001B3E4E68-1024x768.jpeg\" alt=\"\" class=\"wp-image-453\" srcset=\"https:\/\/www.muehlenurlaub-suedheide.de\/wp-content\/uploads\/2023\/03\/1CD89C52-B4AA-466D-9982-2E001B3E4E68-1024x768.jpeg 1024w, https:\/\/www.muehlenurlaub-suedheide.de\/wp-content\/uploads\/2023\/03\/1CD89C52-B4AA-466D-9982-2E001B3E4E68-300x225.jpeg 300w, https:\/\/www.muehlenurlaub-suedheide.de\/wp-content\/uploads\/2023\/03\/1CD89C52-B4AA-466D-9982-2E001B3E4E68-768x576.jpeg 768w, https:\/\/www.muehlenurlaub-suedheide.de\/wp-content\/uploads\/2023\/03\/1CD89C52-B4AA-466D-9982-2E001B3E4E68.jpeg 1440w\" sizes=\"auto, (max-width: 1024px) 100vw, 1024px\" \/><figcaption class=\"wp-element-caption\">Ausblick am Abend<\/figcaption><\/figure>\n\n\n\n<p>Neben der kleinen Ferienwohnung eignet sich die alte M\u00fcllerswohnung besonders f\u00fcr Fahrrad- und Motorradfahrer. Kleinere Reparaturen sind m\u00f6glich. Kartenmaterial liegt bereit. Leihfahrr\u00e4der und individuelle Touren k\u00f6nnen auf Wunsch vermittelt werden. Sprechen Sie uns an!<\/p>\n\n\n\n<figure class=\"wp-block-image size-full is-resized\"><img loading=\"lazy\" decoding=\"async\" src=\"https:\/\/www.muehlenurlaub-suedheide.de\/wp-content\/uploads\/2023\/03\/images-1.png\" alt=\"\" class=\"wp-image-478\" width=\"545\" height=\"219\" srcset=\"https:\/\/www.muehlenurlaub-suedheide.de\/wp-content\/uploads\/2023\/03\/images-1.png 354w, https:\/\/www.muehlenurlaub-suedheide.de\/wp-content\/uploads\/2023\/03\/images-1-300x120.png 300w\" sizes=\"auto, (max-width: 545px) 100vw, 545px\" \/><\/figure>\n\n\n\n<p>cc<\/p>\n\n\n\n<figure class=\"wp-block-image size-large\"><img loading=\"lazy\" decoding=\"async\" width=\"1024\" height=\"768\" src=\"https:\/\/www.muehlenurlaub-suedheide.de\/wp-content\/uploads\/2023\/03\/51D120B8-0061-4D1E-9E08-193C1E0C47C8-1024x768.jpeg\" alt=\"\" class=\"wp-image-479\" srcset=\"https:\/\/www.muehlenurlaub-suedheide.de\/wp-content\/uploads\/2023\/03\/51D120B8-0061-4D1E-9E08-193C1E0C47C8-1024x768.jpeg 1024w, https:\/\/www.muehlenurlaub-suedheide.de\/wp-content\/uploads\/2023\/03\/51D120B8-0061-4D1E-9E08-193C1E0C47C8-300x225.jpeg 300w, https:\/\/www.muehlenurlaub-suedheide.de\/wp-content\/uploads\/2023\/03\/51D120B8-0061-4D1E-9E08-193C1E0C47C8-768x576.jpeg 768w, https:\/\/www.muehlenurlaub-suedheide.de\/wp-content\/uploads\/2023\/03\/51D120B8-0061-4D1E-9E08-193C1E0C47C8.jpeg 1440w\" sizes=\"auto, (max-width: 1024px) 100vw, 1024px\" \/><figcaption class=\"wp-element-caption\">kleine Sitzecke mit 2 Seiten Feldblick<\/figcaption><\/figure>\n\n\n\n<figure class=\"wp-block-image size-large\"><img loading=\"lazy\" decoding=\"async\" width=\"1024\" height=\"768\" src=\"https:\/\/www.muehlenurlaub-suedheide.de\/wp-content\/uploads\/2023\/03\/IMG_7913-1024x768.jpeg\" alt=\"\" class=\"wp-image-480\" srcset=\"https:\/\/www.muehlenurlaub-suedheide.de\/wp-content\/uploads\/2023\/03\/IMG_7913-1024x768.jpeg 1024w, https:\/\/www.muehlenurlaub-suedheide.de\/wp-content\/uploads\/2023\/03\/IMG_7913-300x225.jpeg 300w, https:\/\/www.muehlenurlaub-suedheide.de\/wp-content\/uploads\/2023\/03\/IMG_7913-768x576.jpeg 768w, https:\/\/www.muehlenurlaub-suedheide.de\/wp-content\/uploads\/2023\/03\/IMG_7913-1536x1152.jpeg 1536w, https:\/\/www.muehlenurlaub-suedheide.de\/wp-content\/uploads\/2023\/03\/IMG_7913-2048x1536.jpeg 2048w\" sizes=\"auto, (max-width: 1024px) 100vw, 1024px\" \/><\/figure>\n\n\n\n<figure class=\"wp-block-gallery has-nested-images columns-default is-cropped wp-block-gallery-1 is-layout-flex wp-block-gallery-is-layout-flex\">\n<figure class=\"wp-block-image size-large\"><a href=\"https:\/\/www.muehlenurlaub-suedheide.de\/wp-content\/uploads\/2022\/09\/Bild3-scaled.jpeg\"><img loading=\"lazy\" decoding=\"async\" width=\"768\" height=\"1024\" data-id=\"445\" src=\"https:\/\/www.muehlenurlaub-suedheide.de\/wp-content\/uploads\/2022\/09\/Bild3-768x1024.jpeg\" alt=\"\" class=\"wp-image-445\" srcset=\"https:\/\/www.muehlenurlaub-suedheide.de\/wp-content\/uploads\/2022\/09\/Bild3-768x1024.jpeg 768w, https:\/\/www.muehlenurlaub-suedheide.de\/wp-content\/uploads\/2022\/09\/Bild3-225x300.jpeg 225w, https:\/\/www.muehlenurlaub-suedheide.de\/wp-content\/uploads\/2022\/09\/Bild3-1152x1536.jpeg 1152w, https:\/\/www.muehlenurlaub-suedheide.de\/wp-content\/uploads\/2022\/09\/Bild3-1536x2048.jpeg 1536w, https:\/\/www.muehlenurlaub-suedheide.de\/wp-content\/uploads\/2022\/09\/Bild3-scaled.jpeg 1920w\" sizes=\"auto, (max-width: 768px) 100vw, 768px\" \/><\/a><\/figure>\n\n\n\n<figure class=\"wp-block-image size-large\"><a href=\"https:\/\/www.muehlenurlaub-suedheide.de\/wp-content\/uploads\/2022\/09\/Bild2.jpeg\"><img loading=\"lazy\" decoding=\"async\" width=\"1024\" height=\"768\" data-id=\"443\" src=\"https:\/\/www.muehlenurlaub-suedheide.de\/wp-content\/uploads\/2022\/09\/Bild2-1024x768.jpeg\" alt=\"\" class=\"wp-image-443\" srcset=\"https:\/\/www.muehlenurlaub-suedheide.de\/wp-content\/uploads\/2022\/09\/Bild2-1024x768.jpeg 1024w, https:\/\/www.muehlenurlaub-suedheide.de\/wp-content\/uploads\/2022\/09\/Bild2-300x225.jpeg 300w, https:\/\/www.muehlenurlaub-suedheide.de\/wp-content\/uploads\/2022\/09\/Bild2-768x576.jpeg 768w, https:\/\/www.muehlenurlaub-suedheide.de\/wp-content\/uploads\/2022\/09\/Bild2.jpeg 1200w\" sizes=\"auto, (max-width: 1024px) 100vw, 1024px\" \/><\/a><\/figure>\n\n\n\n<figure class=\"wp-block-image size-large\"><a href=\"https:\/\/www.muehlenurlaub-suedheide.de\/wp-content\/uploads\/2022\/09\/Bild-scaled.jpeg\"><img loading=\"lazy\" decoding=\"async\" width=\"1024\" height=\"768\" data-id=\"444\" src=\"https:\/\/www.muehlenurlaub-suedheide.de\/wp-content\/uploads\/2022\/09\/Bild-1024x768.jpeg\" alt=\"\" class=\"wp-image-444\" srcset=\"https:\/\/www.muehlenurlaub-suedheide.de\/wp-content\/uploads\/2022\/09\/Bild-1024x768.jpeg 1024w, https:\/\/www.muehlenurlaub-suedheide.de\/wp-content\/uploads\/2022\/09\/Bild-300x225.jpeg 300w, https:\/\/www.muehlenurlaub-suedheide.de\/wp-content\/uploads\/2022\/09\/Bild-768x576.jpeg 768w, https:\/\/www.muehlenurlaub-suedheide.de\/wp-content\/uploads\/2022\/09\/Bild-1536x1152.jpeg 1536w, https:\/\/www.muehlenurlaub-suedheide.de\/wp-content\/uploads\/2022\/09\/Bild-2048x1536.jpeg 2048w\" sizes=\"auto, (max-width: 1024px) 100vw, 1024px\" \/><\/a><\/figure>\n<\/figure>\n\n\n\n<p>Das Badezimmer<\/p>\n\n\n\n<figure class=\"wp-block-image size-large\"><img loading=\"lazy\" decoding=\"async\" width=\"1024\" height=\"768\" src=\"https:\/\/www.muehlenurlaub-suedheide.de\/wp-content\/uploads\/2023\/03\/IMG_5939-1024x768.jpeg\" alt=\"\" class=\"wp-image-484\" srcset=\"https:\/\/www.muehlenurlaub-suedheide.de\/wp-content\/uploads\/2023\/03\/IMG_5939-1024x768.jpeg 1024w, https:\/\/www.muehlenurlaub-suedheide.de\/wp-content\/uploads\/2023\/03\/IMG_5939-300x225.jpeg 300w, https:\/\/www.muehlenurlaub-suedheide.de\/wp-content\/uploads\/2023\/03\/IMG_5939-768x576.jpeg 768w, https:\/\/www.muehlenurlaub-suedheide.de\/wp-content\/uploads\/2023\/03\/IMG_5939-1536x1152.jpeg 1536w, https:\/\/www.muehlenurlaub-suedheide.de\/wp-content\/uploads\/2023\/03\/IMG_5939-2048x1536.jpeg 2048w\" sizes=\"auto, (max-width: 1024px) 100vw, 1024px\" \/><\/figure>\n\n\n\n<p>separate kleine K\u00fcche mit Waschmaschine und 2 Plattenherd mit kleinem Ofen<\/p>\n\n\n\n<figure class=\"wp-block-image size-large\"><img loading=\"lazy\" decoding=\"async\" width=\"1024\" height=\"768\" src=\"https:\/\/www.muehlenurlaub-suedheide.de\/wp-content\/uploads\/2023\/03\/IMG_7910-1024x768.jpeg\" alt=\"\" class=\"wp-image-481\" srcset=\"https:\/\/www.muehlenurlaub-suedheide.de\/wp-content\/uploads\/2023\/03\/IMG_7910-1024x768.jpeg 1024w, https:\/\/www.muehlenurlaub-suedheide.de\/wp-content\/uploads\/2023\/03\/IMG_7910-300x225.jpeg 300w, https:\/\/www.muehlenurlaub-suedheide.de\/wp-content\/uploads\/2023\/03\/IMG_7910-768x576.jpeg 768w, https:\/\/www.muehlenurlaub-suedheide.de\/wp-content\/uploads\/2023\/03\/IMG_7910-1536x1152.jpeg 1536w, https:\/\/www.muehlenurlaub-suedheide.de\/wp-content\/uploads\/2023\/03\/IMG_7910-2048x1536.jpeg 2048w\" sizes=\"auto, (max-width: 1024px) 100vw, 1024px\" \/><figcaption class=\"wp-element-caption\">Feldblick<\/figcaption><\/figure>\n\n\n\n<figure class=\"wp-block-image size-large\"><img loading=\"lazy\" decoding=\"async\" width=\"1024\" height=\"768\" src=\"https:\/\/www.muehlenurlaub-suedheide.de\/wp-content\/uploads\/2023\/03\/IMG_3544-1024x768.jpeg\" alt=\"\" class=\"wp-image-482\" srcset=\"https:\/\/www.muehlenurlaub-suedheide.de\/wp-content\/uploads\/2023\/03\/IMG_3544-1024x768.jpeg 1024w, https:\/\/www.muehlenurlaub-suedheide.de\/wp-content\/uploads\/2023\/03\/IMG_3544-300x225.jpeg 300w, https:\/\/www.muehlenurlaub-suedheide.de\/wp-content\/uploads\/2023\/03\/IMG_3544-768x576.jpeg 768w, https:\/\/www.muehlenurlaub-suedheide.de\/wp-content\/uploads\/2023\/03\/IMG_3544-1536x1152.jpeg 1536w, https:\/\/www.muehlenurlaub-suedheide.de\/wp-content\/uploads\/2023\/03\/IMG_3544-2048x1536.jpeg 2048w\" sizes=\"auto, (max-width: 1024px) 100vw, 1024px\" \/><figcaption class=\"wp-element-caption\">Ausblick bei Sonnenaufgang durch die restaurierte Eingangst\u00fcr des alten M\u00fcllers&#8230;<\/figcaption><\/figure>\n\n\n\n<h3 class=\"wp-block-heading\">Buchungskalender<\/h3>\n\n\n\n<p><\/p>\n\n\n\n<p>Ist Ihr Wunschtermin noch frei?! Gerne k\u00f6nnen Sie \u00fcber ein Portal (wie Fewo) &#8211; oder ohne Umwege \u00fcber mich direkt buchen (ich ermittle ein individuelles Angebot f\u00fcr Sie)<\/p>\n\n\n\n<p>auch bei <a href=\"http:\/\/www.fewo-direkt.de\/ferienwohnung-ferienhaus\/p2010453\" data-type=\"URL\" data-id=\"http:\/\/www.fewo-direkt.de\/ferienwohnung-ferienhaus\/p2010453\" target=\"_blank\" rel=\"noreferrer noopener\">Belegungskalender Windm\u00fchle mit kleiner Ferienwohnung<\/a><\/p>\n\n\n\n<p>auch bei <a href=\"https:\/\/www.fewo-direkt.de\/ferienwohnung-ferienhaus\/p5091529?noDates=true&amp;uni_id=3643622\" target=\"_blank\" rel=\"noreferrer noopener\">Belegungskalender Windm\u00fchle<\/a><\/p>\n\n\n\n<p>auch bei <a href=\"https:\/\/www.fewo-direkt.de\/ferienwohnung-ferienhaus\/p5091504?noDates=true&amp;uni_id=3643598\" target=\"_blank\" rel=\"noreferrer noopener\">Belegungskalender Kleine Ferienwohnung<\/a><\/p>\n\n\n\n<p>auch bei <a href=\"https:\/\/www.fewo-direkt.de\/ferienwohnung-ferienhaus\/p5327173?arrival=2023-04-24&amp;departure=2023-04-28&amp;uni_id=3878008\" target=\"_blank\" rel=\"noreferrer noopener\">Belegungskalender alte M\u00fcllerswohnung<\/a><\/p>\n\n\n\n<h3 class=\"wp-block-heading\">Kontakt:<\/h3>\n\n\n\n<p>Prof. Dr.-Ing. Katja A. R\u00f6sler<\/p>\n\n\n\n<p>Tel: 0151 \/ 46531933<\/p>\n\n\n\n<p>Telefon: <a href=\"tel:\/\/004915146531933\">+49 151 \/ 46531933&nbsp;<\/a><\/p>\n\n\n\n<p>Mail: <a href=\"mailto:info@muehlenurlaub-suedheide.de\">info@muehlenurlaub-suedheide.de<\/a><\/p>\n\n\n\n<p><\/p>\n\n\n\n<h3 class=\"wp-block-heading\">Kontaktformular:<\/h3>\n\n\n\n<div class=\"wp-block-contact-form-7-contact-form-selector\"><div role=\"form\" class=\"wpcf7\" id=\"wpcf7-f152-o1\" lang=\"de-DE\" dir=\"ltr\">\n<div class=\"screen-reader-response\"><p role=\"status\" aria-live=\"polite\" aria-atomic=\"true\"><\/p> <ul><\/ul><\/div>\n<form action=\"\/index.php\/wp-json\/wp\/v2\/pages\/320#wpcf7-f152-o1\" method=\"post\" class=\"wpcf7-form init\" novalidate=\"novalidate\" data-status=\"init\">\n<div style=\"display: none;\">\n<input type=\"hidden\" name=\"_wpcf7\" value=\"152\" \/>\n<input type=\"hidden\" name=\"_wpcf7_version\" value=\"5.6.3\" \/>\n<input type=\"hidden\" name=\"_wpcf7_locale\" value=\"de_DE\" \/>\n<input type=\"hidden\" name=\"_wpcf7_unit_tag\" value=\"wpcf7-f152-o1\" \/>\n<input type=\"hidden\" name=\"_wpcf7_container_post\" value=\"0\" \/>\n<input type=\"hidden\" name=\"_wpcf7_posted_data_hash\" value=\"\" \/>\n<\/div>\n<p><label> Dein Name<br \/>\n    <span class=\"wpcf7-form-control-wrap\" data-name=\"your-name\"><input type=\"text\" name=\"your-name\" value=\"\" size=\"40\" class=\"wpcf7-form-control wpcf7-text wpcf7-validates-as-required\" aria-required=\"true\" aria-invalid=\"false\" \/><\/span> <\/label><\/p>\n<p><label> Deine E-Mail-Adresse<br \/>\n    <span class=\"wpcf7-form-control-wrap\" data-name=\"your-email\"><input type=\"email\" name=\"your-email\" value=\"\" size=\"40\" class=\"wpcf7-form-control wpcf7-text wpcf7-email wpcf7-validates-as-required wpcf7-validates-as-email\" aria-required=\"true\" aria-invalid=\"false\" \/><\/span> <\/label><\/p>\n<p><label> Betreff<br \/>\n    <span class=\"wpcf7-form-control-wrap\" data-name=\"your-subject\"><input type=\"text\" name=\"your-subject\" value=\"\" size=\"40\" class=\"wpcf7-form-control wpcf7-text wpcf7-validates-as-required\" aria-required=\"true\" aria-invalid=\"false\" \/><\/span> <\/label><\/p>\n<p><label> Deine Nachricht (optional)<br \/>\n    <span class=\"wpcf7-form-control-wrap\" data-name=\"your-message\"><textarea name=\"your-message\" cols=\"40\" rows=\"10\" class=\"wpcf7-form-control wpcf7-textarea\" aria-invalid=\"false\"><\/textarea><\/span> <\/label><br \/>\n<label><br \/>\nGebe diesen Code ein:<input type=\"hidden\" name=\"_wpcf7_captcha_challenge_captcha-2\" value=\"3017342192\" \/><img loading=\"lazy\" decoding=\"async\" class=\"wpcf7-form-control wpcf7-captchac wpcf7-captcha-captcha-2\" width=\"72\" height=\"24\" alt=\"captcha\" src=\"https:\/\/www.muehlenurlaub-suedheide.de\/wp-content\/uploads\/wpcf7_captcha\/3017342192.png\" \/> <span class=\"wpcf7-form-control-wrap\" data-name=\"captcha-2\"><input type=\"text\" name=\"captcha-2\" value=\"\" size=\"40\" class=\"wpcf7-form-control wpcf7-captchar\" autocomplete=\"off\" aria-invalid=\"false\" \/><\/span><br \/>\n<\/label><br \/>\n<input type=\"submit\" value=\"Senden\" class=\"wpcf7-form-control has-spinner wpcf7-submit\" \/><\/p>\n<div class=\"wpcf7-response-output\" aria-hidden=\"true\"><\/div><\/form><\/div><\/div>\n","protected":false},"excerpt":{"rendered":"<p>Die Coronapause wurde dazu genutzt, die alte M\u00fcllerswohnung komplett zu sanieren. 40 m2 Wohnraum wurden entkernt und komplett neu aufgebaut. Das besondere an dieser Wohnung ist der unbeschreibliche Ausblick nach 4 Seiten. So kann der Sonnenaufgang, der Sonnenuntergang direkt vom Bett aus betrachtet werden. Die Wohnung ist mit Doppelbett ausgestattet und eignet sich f\u00fcr 3 [&hellip;]<\/p>\n","protected":false},"author":1,"featured_media":0,"parent":0,"menu_order":0,"comment_status":"closed","ping_status":"closed","template":"","meta":{"ngg_post_thumbnail":0,"footnotes":""},"class_list":["post-320","page","type-page","status-publish","hentry"],"_links":{"self":[{"href":"https:\/\/www.muehlenurlaub-suedheide.de\/index.php\/wp-json\/wp\/v2\/pages\/320","targetHints":{"allow":["GET"]}}],"collection":[{"href":"https:\/\/www.muehlenurlaub-suedheide.de\/index.php\/wp-json\/wp\/v2\/pages"}],"about":[{"href":"https:\/\/www.muehlenurlaub-suedheide.de\/index.php\/wp-json\/wp\/v2\/types\/page"}],"author":[{"embeddable":true,"href":"https:\/\/www.muehlenurlaub-suedheide.de\/index.php\/wp-json\/wp\/v2\/users\/1"}],"replies":[{"embeddable":true,"href":"https:\/\/www.muehlenurlaub-suedheide.de\/index.php\/wp-json\/wp\/v2\/comments?post=320"}],"version-history":[{"count":8,"href":"https:\/\/www.muehlenurlaub-suedheide.de\/index.php\/wp-json\/wp\/v2\/pages\/320\/revisions"}],"predecessor-version":[{"id":503,"href":"https:\/\/www.muehlenurlaub-suedheide.de\/index.php\/wp-json\/wp\/v2\/pages\/320\/revisions\/503"}],"wp:attachment":[{"href":"https:\/\/www.muehlenurlaub-suedheide.de\/index.php\/wp-json\/wp\/v2\/media?parent=320"}],"curies":[{"name":"wp","href":"https:\/\/api.w.org\/{rel}","templated":true}]}}