{"id":92,"date":"2022-04-11T20:54:53","date_gmt":"2022-04-11T18:54:53","guid":{"rendered":"https:\/\/www.muehlenurlaub-suedheide.de\/?page_id=92"},"modified":"2022-09-10T11:47:12","modified_gmt":"2022-09-10T09:47:12","slug":"neue-segelgatterfluegel","status":"publish","type":"page","link":"https:\/\/www.muehlenurlaub-suedheide.de\/index.php\/muehlentechnik\/neue-segelgatterfluegel\/","title":{"rendered":"Neue Segelgatterfl\u00fcgel\u00a0"},"content":{"rendered":"\n<h3 class=\"wp-block-heading\">2015 Endlich ist es so weit!<\/h3>\n\n\n\n<p>Die Ohrdorfer Windm\u00fchle&nbsp;bekam 2015 vier neue Segelfl\u00fcgel und&nbsp;wurde wieder windg\u00e4ngig gemacht!<\/p>\n\n\n\n<p>Stand: 13.06.2015<\/p>\n\n\n\n<p><strong>Segelgatterfl\u00fcgel aus Stahl (incl. neuer Brustst\u00fccke) werden gefertigt.<\/strong><a href=\"file:\/\/\/Users\/rkuepper\/Code\/katja\/www.muehlenurlaub-suedheide.de\/s\/cc_images\/teaserbox_140244.jpg@t=1468732970\"><\/a><\/p>\n\n\n\n<figure class=\"wp-block-gallery has-nested-images columns-default is-cropped wp-block-gallery-1 is-layout-flex wp-block-gallery-is-layout-flex\">\n<figure class=\"wp-block-image size-large\"><a href=\"https:\/\/www.muehlenurlaub-suedheide.de\/wp-content\/uploads\/2022\/04\/cache_140244.jpg@t1468732970.png\"><img loading=\"lazy\" decoding=\"async\" width=\"448\" height=\"298\" data-id=\"96\" src=\"https:\/\/www.muehlenurlaub-suedheide.de\/wp-content\/uploads\/2022\/04\/cache_140244.jpg@t1468732970.png\" alt=\"\" class=\"wp-image-96\" srcset=\"https:\/\/www.muehlenurlaub-suedheide.de\/wp-content\/uploads\/2022\/04\/cache_140244.jpg@t1468732970.png 448w, https:\/\/www.muehlenurlaub-suedheide.de\/wp-content\/uploads\/2022\/04\/cache_140244.jpg@t1468732970-300x200.png 300w\" sizes=\"auto, (max-width: 448px) 100vw, 448px\" \/><\/a><\/figure>\n\n\n\n<figure class=\"wp-block-image size-large\"><a href=\"https:\/\/www.muehlenurlaub-suedheide.de\/wp-content\/uploads\/2022\/04\/cache_140245.jpg@t1468731654.jpeg\"><img loading=\"lazy\" decoding=\"async\" width=\"298\" height=\"448\" data-id=\"95\" src=\"https:\/\/www.muehlenurlaub-suedheide.de\/wp-content\/uploads\/2022\/04\/cache_140245.jpg@t1468731654.jpeg\" alt=\"\" class=\"wp-image-95\" srcset=\"https:\/\/www.muehlenurlaub-suedheide.de\/wp-content\/uploads\/2022\/04\/cache_140245.jpg@t1468731654.jpeg 298w, https:\/\/www.muehlenurlaub-suedheide.de\/wp-content\/uploads\/2022\/04\/cache_140245.jpg@t1468731654-200x300.jpeg 200w\" sizes=\"auto, (max-width: 298px) 100vw, 298px\" \/><\/a><\/figure>\n\n\n\n<figure class=\"wp-block-image size-large\"><a href=\"https:\/\/www.muehlenurlaub-suedheide.de\/wp-content\/uploads\/2022\/04\/cache_140246.jpg@t1468731655.jpeg\"><img loading=\"lazy\" decoding=\"async\" width=\"448\" height=\"298\" data-id=\"97\" src=\"https:\/\/www.muehlenurlaub-suedheide.de\/wp-content\/uploads\/2022\/04\/cache_140246.jpg@t1468731655.jpeg\" alt=\"\" class=\"wp-image-97\" srcset=\"https:\/\/www.muehlenurlaub-suedheide.de\/wp-content\/uploads\/2022\/04\/cache_140246.jpg@t1468731655.jpeg 448w, https:\/\/www.muehlenurlaub-suedheide.de\/wp-content\/uploads\/2022\/04\/cache_140246.jpg@t1468731655-300x200.jpeg 300w\" sizes=\"auto, (max-width: 448px) 100vw, 448px\" \/><\/a><\/figure>\n<figcaption class=\"blocks-gallery-caption\">Segelgatterfl\u00fcgel aus Stahl (feuerferzinkt vor der Lackierung)<\/figcaption><\/figure>\n\n\n\n<div style=\"height:100px\" aria-hidden=\"true\" class=\"wp-block-spacer\"><\/div>\n\n\n\n<figure class=\"wp-block-gallery has-nested-images columns-default is-cropped wp-block-gallery-2 is-layout-flex wp-block-gallery-is-layout-flex\">\n<figure class=\"wp-block-image size-large\"><a href=\"https:\/\/www.muehlenurlaub-suedheide.de\/wp-content\/uploads\/2022\/04\/cache_140247.jpg@t1468731656.jpeg\"><img loading=\"lazy\" decoding=\"async\" width=\"448\" height=\"298\" data-id=\"99\" src=\"https:\/\/www.muehlenurlaub-suedheide.de\/wp-content\/uploads\/2022\/04\/cache_140247.jpg@t1468731656.jpeg\" alt=\"\" class=\"wp-image-99\" srcset=\"https:\/\/www.muehlenurlaub-suedheide.de\/wp-content\/uploads\/2022\/04\/cache_140247.jpg@t1468731656.jpeg 448w, https:\/\/www.muehlenurlaub-suedheide.de\/wp-content\/uploads\/2022\/04\/cache_140247.jpg@t1468731656-300x200.jpeg 300w\" sizes=\"auto, (max-width: 448px) 100vw, 448px\" \/><\/a><\/figure>\n<figcaption class=\"blocks-gallery-caption\">Brustst\u00fccke aus Stahl (feuerverzinkt und lackiert)&nbsp;<\/figcaption><\/figure>\n\n\n\n<h3 class=\"wp-block-heading\">Stand: 23.07.2015<\/h3>\n\n\n\n<p>Entnahme der alten Fl\u00fcgelreste<\/p>\n\n\n\n<figure class=\"wp-block-gallery has-nested-images columns-default is-cropped wp-block-gallery-3 is-layout-flex wp-block-gallery-is-layout-flex\">\n<figure class=\"wp-block-image size-large\"><a href=\"https:\/\/www.muehlenurlaub-suedheide.de\/wp-content\/uploads\/2022\/04\/cache_140241.jpg@t1468731651.jpeg\"><img loading=\"lazy\" decoding=\"async\" width=\"455\" height=\"303\" data-id=\"103\" src=\"https:\/\/www.muehlenurlaub-suedheide.de\/wp-content\/uploads\/2022\/04\/cache_140241.jpg@t1468731651.jpeg\" alt=\"\" class=\"wp-image-103\" srcset=\"https:\/\/www.muehlenurlaub-suedheide.de\/wp-content\/uploads\/2022\/04\/cache_140241.jpg@t1468731651.jpeg 455w, https:\/\/www.muehlenurlaub-suedheide.de\/wp-content\/uploads\/2022\/04\/cache_140241.jpg@t1468731651-300x200.jpeg 300w\" sizes=\"auto, (max-width: 455px) 100vw, 455px\" \/><\/a><\/figure>\n\n\n\n<figure class=\"wp-block-image size-large\"><a href=\"https:\/\/www.muehlenurlaub-suedheide.de\/wp-content\/uploads\/2022\/04\/cache_140242.jpg@t1468731652.jpeg\"><img loading=\"lazy\" decoding=\"async\" width=\"455\" height=\"303\" data-id=\"104\" src=\"https:\/\/www.muehlenurlaub-suedheide.de\/wp-content\/uploads\/2022\/04\/cache_140242.jpg@t1468731652.jpeg\" alt=\"\" class=\"wp-image-104\" srcset=\"https:\/\/www.muehlenurlaub-suedheide.de\/wp-content\/uploads\/2022\/04\/cache_140242.jpg@t1468731652.jpeg 455w, https:\/\/www.muehlenurlaub-suedheide.de\/wp-content\/uploads\/2022\/04\/cache_140242.jpg@t1468731652-300x200.jpeg 300w\" sizes=\"auto, (max-width: 455px) 100vw, 455px\" \/><\/a><\/figure>\n\n\n\n<figure class=\"wp-block-image size-large\"><a href=\"https:\/\/www.muehlenurlaub-suedheide.de\/wp-content\/uploads\/2022\/04\/cache_140243.jpg@t1468733060.png\"><img loading=\"lazy\" decoding=\"async\" width=\"306\" height=\"459\" data-id=\"105\" src=\"https:\/\/www.muehlenurlaub-suedheide.de\/wp-content\/uploads\/2022\/04\/cache_140243.jpg@t1468733060.png\" alt=\"\" class=\"wp-image-105\" srcset=\"https:\/\/www.muehlenurlaub-suedheide.de\/wp-content\/uploads\/2022\/04\/cache_140243.jpg@t1468733060.png 306w, https:\/\/www.muehlenurlaub-suedheide.de\/wp-content\/uploads\/2022\/04\/cache_140243.jpg@t1468733060-200x300.png 200w\" sizes=\"auto, (max-width: 306px) 100vw, 306px\" \/><\/a><\/figure>\n<\/figure>\n\n\n\n<h3 class=\"wp-block-heading\">Stand: 04.08.2015<\/h3>\n\n\n\n<figure class=\"wp-block-gallery has-nested-images columns-default is-cropped wp-block-gallery-4 is-layout-flex wp-block-gallery-is-layout-flex\">\n<figure class=\"wp-block-image size-large\"><a href=\"https:\/\/www.muehlenurlaub-suedheide.de\/wp-content\/uploads\/2022\/04\/cache_140238.jpg@t1468731649.jpeg\"><img loading=\"lazy\" decoding=\"async\" width=\"434\" height=\"289\" data-id=\"107\" src=\"https:\/\/www.muehlenurlaub-suedheide.de\/wp-content\/uploads\/2022\/04\/cache_140238.jpg@t1468731649.jpeg\" alt=\"\" class=\"wp-image-107\" srcset=\"https:\/\/www.muehlenurlaub-suedheide.de\/wp-content\/uploads\/2022\/04\/cache_140238.jpg@t1468731649.jpeg 434w, https:\/\/www.muehlenurlaub-suedheide.de\/wp-content\/uploads\/2022\/04\/cache_140238.jpg@t1468731649-300x200.jpeg 300w\" sizes=\"auto, (max-width: 434px) 100vw, 434px\" \/><\/a><\/figure>\n\n\n\n<figure class=\"wp-block-image size-large\"><a href=\"https:\/\/www.muehlenurlaub-suedheide.de\/wp-content\/uploads\/2022\/04\/cache_140239.jpg@t1468731650.jpeg\"><img loading=\"lazy\" decoding=\"async\" width=\"436\" height=\"291\" data-id=\"108\" src=\"https:\/\/www.muehlenurlaub-suedheide.de\/wp-content\/uploads\/2022\/04\/cache_140239.jpg@t1468731650.jpeg\" alt=\"\" class=\"wp-image-108\" srcset=\"https:\/\/www.muehlenurlaub-suedheide.de\/wp-content\/uploads\/2022\/04\/cache_140239.jpg@t1468731650.jpeg 436w, https:\/\/www.muehlenurlaub-suedheide.de\/wp-content\/uploads\/2022\/04\/cache_140239.jpg@t1468731650-300x200.jpeg 300w\" sizes=\"auto, (max-width: 436px) 100vw, 436px\" \/><\/a><\/figure>\n\n\n\n<figure class=\"wp-block-image size-large\"><a href=\"https:\/\/www.muehlenurlaub-suedheide.de\/wp-content\/uploads\/2022\/04\/cache_140240.jpg@t1468733092.png\"><img loading=\"lazy\" decoding=\"async\" width=\"306\" height=\"459\" data-id=\"109\" src=\"https:\/\/www.muehlenurlaub-suedheide.de\/wp-content\/uploads\/2022\/04\/cache_140240.jpg@t1468733092.png\" alt=\"\" class=\"wp-image-109\" srcset=\"https:\/\/www.muehlenurlaub-suedheide.de\/wp-content\/uploads\/2022\/04\/cache_140240.jpg@t1468733092.png 306w, https:\/\/www.muehlenurlaub-suedheide.de\/wp-content\/uploads\/2022\/04\/cache_140240.jpg@t1468733092-200x300.png 200w\" sizes=\"auto, (max-width: 306px) 100vw, 306px\" \/><\/a><\/figure>\n<figcaption class=\"blocks-gallery-caption\">Austausch des Windbalkens<\/figcaption><\/figure>\n\n\n\n<p>Stand: 6.8.2015<\/p>\n\n\n\n<figure class=\"wp-block-gallery has-nested-images columns-default is-cropped wp-block-gallery-5 is-layout-flex wp-block-gallery-is-layout-flex\">\n<figure class=\"wp-block-image size-large\"><a href=\"https:\/\/www.muehlenurlaub-suedheide.de\/wp-content\/uploads\/2022\/04\/cache_140234.jpg@t1468733116.png\"><img loading=\"lazy\" decoding=\"async\" width=\"306\" height=\"459\" data-id=\"114\" src=\"https:\/\/www.muehlenurlaub-suedheide.de\/wp-content\/uploads\/2022\/04\/cache_140234.jpg@t1468733116.png\" alt=\"\" class=\"wp-image-114\" srcset=\"https:\/\/www.muehlenurlaub-suedheide.de\/wp-content\/uploads\/2022\/04\/cache_140234.jpg@t1468733116.png 306w, https:\/\/www.muehlenurlaub-suedheide.de\/wp-content\/uploads\/2022\/04\/cache_140234.jpg@t1468733116-200x300.png 200w\" sizes=\"auto, (max-width: 306px) 100vw, 306px\" \/><\/a><\/figure>\n\n\n\n<figure class=\"wp-block-image size-large\"><a href=\"https:\/\/www.muehlenurlaub-suedheide.de\/wp-content\/uploads\/2022\/04\/cache_140235.jpg@t1468731647.jpeg\"><img loading=\"lazy\" decoding=\"async\" width=\"447\" height=\"298\" data-id=\"112\" src=\"https:\/\/www.muehlenurlaub-suedheide.de\/wp-content\/uploads\/2022\/04\/cache_140235.jpg@t1468731647.jpeg\" alt=\"\" class=\"wp-image-112\" srcset=\"https:\/\/www.muehlenurlaub-suedheide.de\/wp-content\/uploads\/2022\/04\/cache_140235.jpg@t1468731647.jpeg 447w, https:\/\/www.muehlenurlaub-suedheide.de\/wp-content\/uploads\/2022\/04\/cache_140235.jpg@t1468731647-300x200.jpeg 300w\" sizes=\"auto, (max-width: 447px) 100vw, 447px\" \/><\/a><\/figure>\n\n\n\n<figure class=\"wp-block-image size-large\"><a href=\"https:\/\/www.muehlenurlaub-suedheide.de\/wp-content\/uploads\/2022\/04\/cache_140236.jpg@t1468731648.jpeg\"><img loading=\"lazy\" decoding=\"async\" width=\"455\" height=\"303\" data-id=\"111\" src=\"https:\/\/www.muehlenurlaub-suedheide.de\/wp-content\/uploads\/2022\/04\/cache_140236.jpg@t1468731648.jpeg\" alt=\"\" class=\"wp-image-111\" srcset=\"https:\/\/www.muehlenurlaub-suedheide.de\/wp-content\/uploads\/2022\/04\/cache_140236.jpg@t1468731648.jpeg 455w, https:\/\/www.muehlenurlaub-suedheide.de\/wp-content\/uploads\/2022\/04\/cache_140236.jpg@t1468731648-300x200.jpeg 300w\" sizes=\"auto, (max-width: 455px) 100vw, 455px\" \/><\/a><\/figure>\n\n\n\n<figure class=\"wp-block-image size-large\"><a href=\"https:\/\/www.muehlenurlaub-suedheide.de\/wp-content\/uploads\/2022\/04\/cache_140237.jpg@t1468733140.png\"><img loading=\"lazy\" decoding=\"async\" width=\"306\" height=\"459\" data-id=\"113\" src=\"https:\/\/www.muehlenurlaub-suedheide.de\/wp-content\/uploads\/2022\/04\/cache_140237.jpg@t1468733140.png\" alt=\"\" class=\"wp-image-113\" srcset=\"https:\/\/www.muehlenurlaub-suedheide.de\/wp-content\/uploads\/2022\/04\/cache_140237.jpg@t1468733140.png 306w, https:\/\/www.muehlenurlaub-suedheide.de\/wp-content\/uploads\/2022\/04\/cache_140237.jpg@t1468733140-200x300.png 200w\" sizes=\"auto, (max-width: 306px) 100vw, 306px\" \/><\/a><\/figure>\n<figcaption class=\"blocks-gallery-caption\">Anbau der Segelgatterfl\u00fcgel<\/figcaption><\/figure>\n","protected":false},"excerpt":{"rendered":"<p>2015 Endlich ist es so weit! Die Ohrdorfer Windm\u00fchle&nbsp;bekam 2015 vier neue Segelfl\u00fcgel und&nbsp;wurde wieder windg\u00e4ngig gemacht! Stand: 13.06.2015 Segelgatterfl\u00fcgel aus Stahl (incl. neuer Brustst\u00fccke) werden gefertigt. Stand: 23.07.2015 Entnahme der alten Fl\u00fcgelreste Stand: 04.08.2015 Stand: 6.8.2015<\/p>\n","protected":false},"author":1,"featured_media":0,"parent":20,"menu_order":2,"comment_status":"closed","ping_status":"closed","template":"","meta":{"ngg_post_thumbnail":0,"footnotes":""},"class_list":["post-92","page","type-page","status-publish","hentry"],"_links":{"self":[{"href":"https:\/\/www.muehlenurlaub-suedheide.de\/index.php\/wp-json\/wp\/v2\/pages\/92","targetHints":{"allow":["GET"]}}],"collection":[{"href":"https:\/\/www.muehlenurlaub-suedheide.de\/index.php\/wp-json\/wp\/v2\/pages"}],"about":[{"href":"https:\/\/www.muehlenurlaub-suedheide.de\/index.php\/wp-json\/wp\/v2\/types\/page"}],"author":[{"embeddable":true,"href":"https:\/\/www.muehlenurlaub-suedheide.de\/index.php\/wp-json\/wp\/v2\/users\/1"}],"replies":[{"embeddable":true,"href":"https:\/\/www.muehlenurlaub-suedheide.de\/index.php\/wp-json\/wp\/v2\/comments?post=92"}],"version-history":[{"count":8,"href":"https:\/\/www.muehlenurlaub-suedheide.de\/index.php\/wp-json\/wp\/v2\/pages\/92\/revisions"}],"predecessor-version":[{"id":433,"href":"https:\/\/www.muehlenurlaub-suedheide.de\/index.php\/wp-json\/wp\/v2\/pages\/92\/revisions\/433"}],"up":[{"embeddable":true,"href":"https:\/\/www.muehlenurlaub-suedheide.de\/index.php\/wp-json\/wp\/v2\/pages\/20"}],"wp:attachment":[{"href":"https:\/\/www.muehlenurlaub-suedheide.de\/index.php\/wp-json\/wp\/v2\/media?parent=92"}],"curies":[{"name":"wp","href":"https:\/\/api.w.org\/{rel}","templated":true}]}}